{"id":79,"date":"2016-06-03T17:11:38","date_gmt":"2016-06-03T15:11:38","guid":{"rendered":"http:\/\/city-waxing.de\/saarlouis\/?page_id=79"},"modified":"2019-08-25T17:58:25","modified_gmt":"2019-08-25T15:58:25","slug":"sauerstoff-lifting","status":"publish","type":"page","link":"https:\/\/city-waxing.de\/saarlouis\/sauerstoff-lifting\/","title":{"rendered":"Sauerstoff-Lifting"},"content":{"rendered":"<p>[et_pb_section fb_built=&#8220;1&#8243; background_color=&#8220;#ffffff&#8220; admin_label=&#8220;section&#8220; custom_padding_last_edited=&#8220;on|desktop&#8220; _builder_version=&#8220;3.0.96&#8243; background_image=&#8220;https:\/\/www.city-waxing.de\/saarlouis\/wp-content\/uploads\/sites\/3\/2016\/06\/banner_sauerstoff.jpg&#8220; parallax=&#8220;on&#8220; parallax_method=&#8220;off&#8220; custom_padding_tablet=&#8220;50px|0|50px|0&#8243; transparent_background=&#8220;off&#8220; padding_mobile=&#8220;off&#8220;][et_pb_row padding_mobile=&#8220;off&#8220; column_padding_mobile=&#8220;on&#8220; admin_label=&#8220;row&#8220; _builder_version=&#8220;3.0.47&#8243; background_size=&#8220;initial&#8220; background_position=&#8220;top_left&#8220; background_repeat=&#8220;repeat&#8220;][et_pb_column type=&#8220;4_4&#8243; _builder_version=&#8220;3.0.47&#8243; column_padding_mobile=&#8220;on&#8220; parallax=&#8220;off&#8220; parallax_method=&#8220;on&#8220;][et_pb_divider height=&#8220;100&#8243; disabled_on=&#8220;on|on|off&#8220; admin_label=&#8220;Teiler&#8220; _builder_version=&#8220;3.0.47&#8243; hide_on_mobile=&#8220;on&#8220;] [\/et_pb_divider][\/et_pb_column][\/et_pb_row][\/et_pb_section][et_pb_section fb_built=&#8220;1&#8243; background_color=&#8220;#f0a51d&#8220; admin_label=&#8220;Sektion&#8220; custom_padding_last_edited=&#8220;on|desktop&#8220; _builder_version=&#8220;3.0.47&#8243; custom_padding_tablet=&#8220;50px|0|50px|0&#8243; transparent_background=&#8220;off&#8220; padding_mobile=&#8220;off&#8220;][et_pb_row padding_mobile=&#8220;off&#8220; column_padding_mobile=&#8220;on&#8220; admin_label=&#8220;Zeile&#8220; _builder_version=&#8220;3.0.47&#8243; background_size=&#8220;initial&#8220; background_position=&#8220;top_left&#8220; background_repeat=&#8220;repeat&#8220;][et_pb_column type=&#8220;4_4&#8243; _builder_version=&#8220;3.0.47&#8243; column_padding_mobile=&#8220;on&#8220; parallax=&#8220;off&#8220; parallax_method=&#8220;on&#8220;][et_pb_text background_layout=&#8220;dark&#8220; admin_label=&#8220;Text&#8220; _builder_version=&#8220;3.0.47&#8243; background_size=&#8220;initial&#8220; background_position=&#8220;top_left&#8220; background_repeat=&#8220;repeat&#8220; use_border_color=&#8220;off&#8220; border_style=&#8220;solid&#8220;]<\/p>\n<h1>Sauerstoff-Lifting bei City waxing<\/h1>\n<p>[\/et_pb_text][\/et_pb_column][\/et_pb_row][\/et_pb_section][et_pb_section fb_built=&#8220;1&#8243; specialty=&#8220;on&#8220; admin_label=&#8220;Sektion&#8220; custom_padding_last_edited=&#8220;on|desktop&#8220; _builder_version=&#8220;3.0.47&#8243; custom_padding_tablet=&#8220;50px|0|50px|0&#8243; transparent_background=&#8220;off&#8220; padding_mobile=&#8220;off&#8220;][et_pb_column type=&#8220;1_2&#8243; specialty_columns=&#8220;2&#8243; _builder_version=&#8220;3.0.47&#8243; parallax=&#8220;off&#8220; parallax_method=&#8220;on&#8220;][et_pb_row_inner padding_mobile=&#8220;off&#8220; column_padding_mobile=&#8220;off&#8220; _builder_version=&#8220;3.0.47&#8243;][et_pb_column_inner type=&#8220;4_4&#8243; saved_specialty_column_type=&#8220;1_2&#8243; _builder_version=&#8220;3.0.47&#8243; box_shadow_position=&#8220;outer&#8220; column_padding_mobile=&#8220;off&#8220; parallax=&#8220;off&#8220; parallax_method=&#8220;on&#8220;][et_pb_text admin_label=&#8220;Text&#8220; _builder_version=&#8220;3.0.47&#8243; background_size=&#8220;initial&#8220; background_position=&#8220;top_left&#8220; background_repeat=&#8220;repeat&#8220; use_border_color=&#8220;off&#8220; border_style=&#8220;solid&#8220;]<\/p>\n<h2>Neue Power f\u00fcr m\u00fcde Haut<\/h2>\n<p><strong>Medizinischer Sauerstoff f\u00fcr frische Zellen<\/strong><\/p>\n<p>Wenn man microfeinen Sauerstoff, aufgeladen mit Vitaminen und Mineralien zur Hornschicht aufschleust, ist das Ergebnis dramatisch: Die Haut nimmt in gro\u00dfen Mengen Sauerstoff auf, sie atmet so richtig durch. Und sieht sofort nach der Sauerstoff Behandlung deutlich gestrafft und vitalisiert aus.<\/p>\n<p>Durch das Sauerstoff-Lifting k\u00f6nnen wir:<\/p>\n<p>[\/et_pb_text][et_pb_counters background_color=&#8220;rgba(240,165,29,0.5)&#8220; bar_bg_color=&#8220;#f0a51d&#8220; use_percentages=&#8220;off&#8220; border_radius=&#8220;1&#8243; admin_label=&#8220;Balkenz\u00e4hler&#8220; _builder_version=&#8220;3.0.47&#8243; title_font_size=&#8220;15&#8243; border_radii=&#8220;on|1px|1px|1px|1px&#8220; border_width_all=&#8220;1px&#8220; border_color_all=&#8220;#ffffff&#8220; border_style_all=&#8220;solid&#8220; custom_padding=&#8220;10px||10px|&#8220; custom_padding_tablet=&#8220;|||&#8220; custom_padding_phone=&#8220;|||&#8220; custom_padding_last_edited=&#8220;off|desktop&#8220; use_border_color=&#8220;on&#8220; border_color=&#8220;#ffffff&#8220; border_width=&#8220;1px&#8220; border_style=&#8220;solid&#8220; bar_top_padding=&#8220;10px&#8220; bar_bottom_padding=&#8220;10px&#8220;][et_pb_counter percent=&#8220;100&#8243; _builder_version=&#8220;3.0.47&#8243; title_text_color=&#8220;#000000&#8243; label_color=&#8220;#000000&#8243; background_color_default=&#8220;rgba(240,165,29,0.5)&#8220; bar_background_color_default=&#8220;#f0a51d&#8220; use_percentages=&#8220;off&#8220; border_radius=&#8220;1&#8243;] &#8230; die Sauerstoff-Versorgung der Haut anregen [\/et_pb_counter][et_pb_counter percent=&#8220;95&#8243; _builder_version=&#8220;3.0.47&#8243; title_text_color=&#8220;#000000&#8243; label_color=&#8220;#000000&#8243; background_color_default=&#8220;rgba(240,165,29,0.5)&#8220; bar_background_color_default=&#8220;#f0a51d&#8220; use_percentages=&#8220;off&#8220; border_radius=&#8220;1&#8243;] &#8230; den Hautstoffwechsel unterst\u00fctzen [\/et_pb_counter][et_pb_counter percent=&#8220;94&#8243; _builder_version=&#8220;3.0.47&#8243; title_text_color=&#8220;#000000&#8243; label_color=&#8220;#000000&#8243; background_color_default=&#8220;rgba(240,165,29,0.5)&#8220; bar_background_color_default=&#8220;#f0a51d&#8220; use_percentages=&#8220;off&#8220; border_radius=&#8220;1&#8243;] &#8230; die Zellregeneration f\u00f6rdern [\/et_pb_counter][et_pb_counter percent=&#8220;93&#8243; _builder_version=&#8220;3.0.47&#8243; title_text_color=&#8220;#000000&#8243; label_color=&#8220;#000000&#8243; background_color_default=&#8220;rgba(240,165,29,0.5)&#8220; bar_background_color_default=&#8220;#f0a51d&#8220; use_percentages=&#8220;off&#8220; border_radius=&#8220;1&#8243;] &#8230; den Feuchtigkeitsgehalt der Haut verbessern [\/et_pb_counter][et_pb_counter percent=&#8220;87&#8243; _builder_version=&#8220;3.0.47&#8243; title_text_color=&#8220;#000000&#8243; label_color=&#8220;#000000&#8243; background_color_default=&#8220;rgba(240,165,29,0.5)&#8220; bar_background_color_default=&#8220;#f0a51d&#8220; use_percentages=&#8220;off&#8220; border_radius=&#8220;1&#8243;] &#8230; Alterungsprozesse verlangsamen [\/et_pb_counter][et_pb_counter percent=&#8220;82&#8243; _builder_version=&#8220;3.0.47&#8243; title_text_color=&#8220;#000000&#8243; label_color=&#8220;#000000&#8243; background_color_default=&#8220;rgba(240,165,29,0.5)&#8220; bar_background_color_default=&#8220;#f0a51d&#8220; use_percentages=&#8220;off&#8220; border_radius=&#8220;1&#8243;] &#8230; F\u00e4ltchen vermindern [\/et_pb_counter][\/et_pb_counters][\/et_pb_column_inner][\/et_pb_row_inner][\/et_pb_column][et_pb_column type=&#8220;1_2&#8243; _builder_version=&#8220;3.0.47&#8243; parallax=&#8220;off&#8220; parallax_method=&#8220;on&#8220;][et_pb_image src=&#8220;https:\/\/city-waxing.de\/saarlouis\/wp-content\/uploads\/sites\/3\/2016\/06\/Sauerstoff_Lifting_web.jpg&#8220; admin_label=&#8220;Bild&#8220; _builder_version=&#8220;3.0.96&#8243; use_border_color=&#8220;off&#8220; border_color=&#8220;#ffffff&#8220; border_width=&#8220;1px&#8220; border_style=&#8220;solid&#8220; animation=&#8220;off&#8220; sticky=&#8220;off&#8220;] [\/et_pb_image][\/et_pb_column][\/et_pb_section][et_pb_section fb_built=&#8220;1&#8243; background_color=&#8220;rgba(240,165,29,0.5)&#8220; admin_label=&#8220;Sektion&#8220; custom_padding_last_edited=&#8220;on|desktop&#8220; _builder_version=&#8220;3.0.47&#8243; custom_padding_tablet=&#8220;50px|0|50px|0&#8243; transparent_background=&#8220;off&#8220; padding_mobile=&#8220;off&#8220;][et_pb_row padding_mobile=&#8220;off&#8220; column_padding_mobile=&#8220;on&#8220; admin_label=&#8220;Zeile&#8220; _builder_version=&#8220;3.0.47&#8243; background_size=&#8220;initial&#8220; background_position=&#8220;top_left&#8220; background_repeat=&#8220;repeat&#8220;][et_pb_column type=&#8220;1_2&#8243; _builder_version=&#8220;3.0.47&#8243; column_padding_mobile=&#8220;on&#8220; parallax=&#8220;off&#8220; parallax_method=&#8220;on&#8220;][et_pb_text admin_label=&#8220;Text&#8220; _builder_version=&#8220;3.0.47&#8243; background_size=&#8220;initial&#8220; background_position=&#8220;top_left&#8220; background_repeat=&#8220;repeat&#8220; use_border_color=&#8220;off&#8220; border_style=&#8220;solid&#8220;]<\/p>\n<h3>Einmalbehandlung<\/h3>\n<p><strong>\u20ac 95,-<\/strong><\/p>\n<p>Eine Sauerstoff-Lifting Spezialbehandlung zum Wiederaufbau Ihrer Haut. Ihr Gesicht wird nachhaltig vitalisiert. Hochdosierte Vitamine, Enzyme, Mineralien und Aminos\u00e4uren werden mit reinem medizinischen Sauerstoff angereichert. Das Bindegewebe wird gefestigt, die Gesichtsmuskulatur gestrafft und das Hautbild sch\u00f6n geformt. Das Treatment kann als Einzelbehandlung oder auch als intensive Kur angewendet werden. \u00dcberzeugen Sie sich selbst von dieser wirkungsvollen Methode. Entdecken Sie, wie auch Ihre Haut sich wunderbar straff und fest nach der Sauerstoff Behandlung pr\u00e4sentiert.<\/p>\n<p>[\/et_pb_text][\/et_pb_column][et_pb_column type=&#8220;1_2&#8243; _builder_version=&#8220;3.0.47&#8243; column_padding_mobile=&#8220;on&#8220; parallax=&#8220;off&#8220; parallax_method=&#8220;on&#8220;][et_pb_text admin_label=&#8220;Text&#8220; _builder_version=&#8220;3.0.47&#8243; background_size=&#8220;initial&#8220; background_position=&#8220;top_left&#8220; background_repeat=&#8220;repeat&#8220; use_border_color=&#8220;off&#8220; border_style=&#8220;solid&#8220;]<\/p>\n<h3>Sauerstoff Lifting Kur<\/h3>\n<p>6 + 1 gratis:<strong> \u20ac 570,-<\/strong><\/p>\n<p>Durchschlagende Kurerfolge.<br \/>\nDauerhaft ergreifende Resultate darf vor allem der erwarten, der seiner Haut eine Sauerstoff Kur g\u00f6nnt. Denn das, was der Haut oft jahrelang an Sauerstoff vorenthalten wurde, wird durch eine Vitalkur nachgeholt. Die Neubelebung der Hautzellen zeigt Schritt f\u00fcr Schritt frappierende Resultate. Wie im Zeitraffer ver\u00e4ndert sich das Hautbild von Tag zu Tag. Lassen Sie sich doch einfach einmal selbst \u00fcberraschen wie wunderbar straff, fest und sichtbar rein sich Ihre Haut nach der Sauerstoff Behandlung zeigt.<\/p>\n<p>[\/et_pb_text][\/et_pb_column][\/et_pb_row][et_pb_row padding_mobile=&#8220;off&#8220; column_padding_mobile=&#8220;on&#8220; admin_label=&#8220;Zeile&#8220; _builder_version=&#8220;3.0.47&#8243; background_size=&#8220;initial&#8220; background_position=&#8220;top_left&#8220; background_repeat=&#8220;repeat&#8220;][et_pb_column type=&#8220;4_4&#8243; _builder_version=&#8220;3.0.47&#8243; column_padding_mobile=&#8220;on&#8220; parallax=&#8220;off&#8220; parallax_method=&#8220;on&#8220;][et_pb_divider color=&#8220;#606060&#8243; show_divider=&#8220;on&#8220; divider_weight=&#8220;1px&#8220; disabled_on=&#8220;on|on|off&#8220; admin_label=&#8220;Teiler&#8220; _builder_version=&#8220;3.0.47&#8243; hide_on_mobile=&#8220;on&#8220;] [\/et_pb_divider][et_pb_text admin_label=&#8220;Text&#8220; _builder_version=&#8220;3.0.47&#8243; background_size=&#8220;initial&#8220; background_position=&#8220;top_left&#8220; background_repeat=&#8220;repeat&#8220; use_border_color=&#8220;off&#8220; border_style=&#8220;solid&#8220;]<\/p>\n<p style=\"text-align: center;\"><strong>Buchen Sie gleich Ihren Termin f\u00fcr eine Testbehandlung!<br \/>\nNur 75,- \u20ac<\/strong><\/p>\n<p style=\"text-align: center;\">\u00a0<span id=\"et-info-phone\"><\/span>06831 \/ 64 55 794<\/p>\n<p>[\/et_pb_text][\/et_pb_column][\/et_pb_row][\/et_pb_section][et_pb_section fb_built=&#8220;1&#8243; admin_label=&#8220;Sektion&#8220; custom_padding_last_edited=&#8220;on|desktop&#8220; _builder_version=&#8220;3.0.47&#8243; custom_padding_tablet=&#8220;50px|0|50px|0&#8243; transparent_background=&#8220;off&#8220; padding_mobile=&#8220;off&#8220;][et_pb_row padding_mobile=&#8220;off&#8220; column_padding_mobile=&#8220;on&#8220; admin_label=&#8220;Zeile&#8220; _builder_version=&#8220;3.0.47&#8243; background_size=&#8220;initial&#8220; background_position=&#8220;top_left&#8220; background_repeat=&#8220;repeat&#8220;][et_pb_column type=&#8220;1_2&#8243; _builder_version=&#8220;3.0.47&#8243; column_padding_mobile=&#8220;on&#8220; parallax=&#8220;off&#8220; parallax_method=&#8220;on&#8220;][et_pb_text admin_label=&#8220;Text&#8220; _builder_version=&#8220;3.0.47&#8243; background_size=&#8220;initial&#8220; background_position=&#8220;top_left&#8220; background_repeat=&#8220;repeat&#8220; use_border_color=&#8220;off&#8220; border_style=&#8220;solid&#8220;]<\/p>\n<h3>Die Wirkung auf einen Blick<\/h3>\n<p>&nbsp;<\/p>\n<ul>\n<li>gesch\u00e4digte, degenerierte Haut wird wieder gr\u00fcndlich aufgebaut<\/li>\n<li>Falten werden minimiert und die Collagenbildung wird erh\u00f6ht<\/li>\n<li>viele Hautzellen werden mit dem Lebenselixier Sauerstoff versorgt<\/li>\n<li>das ganze Gesicht wird vitalisiert und Alterserscheinungen werden abgemildert<\/li>\n<li>die Erneuerung verbrauchter Zellen wird eingeleitet<\/li>\n<li>Ihr Hautbild erscheint straffer und j\u00fcnger<\/li>\n<\/ul>\n<p>[\/et_pb_text][\/et_pb_column][et_pb_column type=&#8220;1_2&#8243; _builder_version=&#8220;3.0.47&#8243; column_padding_mobile=&#8220;on&#8220; parallax=&#8220;off&#8220; parallax_method=&#8220;on&#8220;][et_pb_image src=&#8220;https:\/\/city-waxing.de\/saarlouis\/wp-content\/uploads\/sites\/3\/2016\/06\/Oxygen_Skin.jpg&#8220; align=&#8220;right&#8220; admin_label=&#8220;Bild&#8220; _builder_version=&#8220;3.0.96&#8243; use_border_color=&#8220;off&#8220; border_color=&#8220;#ffffff&#8220; border_width=&#8220;1px&#8220; border_style=&#8220;solid&#8220; animation=&#8220;off&#8220; sticky=&#8220;off&#8220;] [\/et_pb_image][\/et_pb_column][\/et_pb_row][\/et_pb_section][et_pb_section fb_built=&#8220;1&#8243; background_color=&#8220;#e8e8e8&#8243; admin_label=&#8220;Sektion&#8220; custom_padding_last_edited=&#8220;on|desktop&#8220; _builder_version=&#8220;3.0.47&#8243; custom_padding_tablet=&#8220;50px|0|50px|0&#8243; transparent_background=&#8220;off&#8220; padding_mobile=&#8220;off&#8220;][et_pb_row padding_mobile=&#8220;off&#8220; column_padding_mobile=&#8220;on&#8220; admin_label=&#8220;Zeile&#8220; _builder_version=&#8220;3.0.47&#8243; background_size=&#8220;initial&#8220; background_position=&#8220;top_left&#8220; background_repeat=&#8220;repeat&#8220;][et_pb_column type=&#8220;4_4&#8243; _builder_version=&#8220;3.0.47&#8243; column_padding_mobile=&#8220;on&#8220; parallax=&#8220;off&#8220; parallax_method=&#8220;on&#8220;][et_pb_text admin_label=&#8220;Text&#8220; _builder_version=&#8220;3.0.47&#8243; background_size=&#8220;initial&#8220; background_position=&#8220;top_left&#8220; background_repeat=&#8220;repeat&#8220; use_border_color=&#8220;off&#8220; border_style=&#8220;solid&#8220;]<\/p>\n<h3>Mehr Infos f\u00fcr Interessierte<\/h3>\n<p>Keine Funktion im K\u00f6rper, keine Reaktion in der Haut kann ohne Energie stattfinden. Lebensenergie setzt die st\u00e4ndige Versorgung der K\u00f6rperzellen mit Sauerstoff voraus, um mittels Verbrennung die Energie aus den N\u00e4hrstoffen freizusetzen.<br \/>\nDas Niveau der Sauerstoffversorgung in den lebenden Zellen der Haut wirkt sich letztendlich entscheidend auf alle Funktionsabl\u00e4ufe aus; ver\u00e4ndert bzw. verringert es sich, hinterl\u00e4sst dies sichtbare Spuren in und auf der Haut. Die Haut bekommt einen gro\u00dfen Teil des von ihr ben\u00f6tigten Sauerstoffs \u00fcber das Gef\u00e4\u00dfsystem aus dem Bereich der Mikrozirkulation in der Lederhaut. Vom lebensnotwendigen Sauerstoff insgesamt nimmt der K\u00f6rper ca. 1 Prozent direkt \u00fcber die Haut auf.<\/p>\n<p>Eine ungesunde Lebensweise und der nat\u00fcrliche Alterungsprozess vermindern die Sauerstoffversorgung, was wiederum die Alterungsprozesse im K\u00f6rper und in der Haut beschleunigt, ein Teufelskreis. Daher macht es Sinn, durch eine Sauerstoff Kosmetikbehandlung mit reinem medizinischen Sauerstoff die nat\u00fcrlichen Abl\u00e4ufe der Hautatmung zu aktivieren und die Versorgung der Haut mit Sauerstoff auch von innen anzuregen.<\/p>\n<p>F\u00fcr die Sauerstoff Gesichtsbehandlung verwenden wir sauerstoffstabile Vitaminprodukte, die durch weitere N\u00e4hr- und Wirkstoffe erg\u00e4nzt werden. Somit werden nachhaltige Wirkungen erzielt, sofort f\u00fchlbar und sichtbar.<\/p>\n<p>[\/et_pb_text][\/et_pb_column][\/et_pb_row][\/et_pb_section]<\/p>\n","protected":false},"excerpt":{"rendered":"<p>Sauerstoff-Lifting bei City waxingNeue Power f\u00fcr m\u00fcde Haut Medizinischer Sauerstoff f\u00fcr frische Zellen Wenn man microfeinen Sauerstoff, aufgeladen mit Vitaminen und Mineralien zur Hornschicht aufschleust, ist das Ergebnis dramatisch: Die Haut nimmt in gro\u00dfen Mengen Sauerstoff auf, sie atmet so richtig durch. Und sieht sofort nach der Sauerstoff Behandlung deutlich gestrafft und vitalisiert aus. Durch [&hellip;]<\/p>\n","protected":false},"author":1,"featured_media":0,"parent":0,"menu_order":0,"comment_status":"closed","ping_status":"closed","template":"","meta":{"_et_pb_use_builder":"on","_et_pb_old_content":"","_et_gb_content_width":"","footnotes":""},"_links":{"self":[{"href":"https:\/\/city-waxing.de\/saarlouis\/wp-json\/wp\/v2\/pages\/79"}],"collection":[{"href":"https:\/\/city-waxing.de\/saarlouis\/wp-json\/wp\/v2\/pages"}],"about":[{"href":"https:\/\/city-waxing.de\/saarlouis\/wp-json\/wp\/v2\/types\/page"}],"author":[{"embeddable":true,"href":"https:\/\/city-waxing.de\/saarlouis\/wp-json\/wp\/v2\/users\/1"}],"replies":[{"embeddable":true,"href":"https:\/\/city-waxing.de\/saarlouis\/wp-json\/wp\/v2\/comments?post=79"}],"version-history":[{"count":28,"href":"https:\/\/city-waxing.de\/saarlouis\/wp-json\/wp\/v2\/pages\/79\/revisions"}],"predecessor-version":[{"id":473,"href":"https:\/\/city-waxing.de\/saarlouis\/wp-json\/wp\/v2\/pages\/79\/revisions\/473"}],"wp:attachment":[{"href":"https:\/\/city-waxing.de\/saarlouis\/wp-json\/wp\/v2\/media?parent=79"}],"curies":[{"name":"wp","href":"https:\/\/api.w.org\/{rel}","templated":true}]}}