{"id":158,"date":"2016-07-05T17:11:10","date_gmt":"2016-07-05T15:11:10","guid":{"rendered":"http:\/\/city-waxing.de\/saarlouis\/?page_id=158"},"modified":"2019-08-25T17:57:26","modified_gmt":"2019-08-25T15:57:26","slug":"tanning","status":"publish","type":"page","link":"https:\/\/city-waxing.de\/saarlouis\/tanning\/","title":{"rendered":"Tanning"},"content":{"rendered":"<p>[et_pb_section fb_built=&#8220;1&#8243; background_color=&#8220;#f0a51d&#8220; admin_label=&#8220;section&#8220; custom_padding_last_edited=&#8220;on|desktop&#8220; _builder_version=&#8220;3.0.47&#8243; custom_padding_tablet=&#8220;50px|0|50px|0&#8243; transparent_background=&#8220;off&#8220; padding_mobile=&#8220;off&#8220;][et_pb_row padding_mobile=&#8220;off&#8220; column_padding_mobile=&#8220;on&#8220; admin_label=&#8220;row&#8220; _builder_version=&#8220;3.0.47&#8243; background_size=&#8220;initial&#8220; background_position=&#8220;top_left&#8220; background_repeat=&#8220;repeat&#8220;][et_pb_column type=&#8220;4_4&#8243; _builder_version=&#8220;3.0.47&#8243; column_padding_mobile=&#8220;on&#8220; parallax=&#8220;off&#8220; parallax_method=&#8220;on&#8220;][et_pb_text background_layout=&#8220;dark&#8220; admin_label=&#8220;Text&#8220; _builder_version=&#8220;3.0.47&#8243; background_size=&#8220;initial&#8220; background_position=&#8220;top_left&#8220; background_repeat=&#8220;repeat&#8220; use_border_color=&#8220;off&#8220; border_style=&#8220;solid&#8220;]<\/p>\n<h1>Tanning &#8211; die gesunde Br\u00e4une bei City waxing<br \/><\/h1>\n<p>[\/et_pb_text][\/et_pb_column][\/et_pb_row][\/et_pb_section][et_pb_section fb_built=&#8220;1&#8243; admin_label=&#8220;Sektion&#8220; custom_padding_last_edited=&#8220;on|desktop&#8220; _builder_version=&#8220;3.0.96&#8243; background_image=&#8220;https:\/\/www.city-waxing.de\/saarlouis\/wp-content\/uploads\/sites\/3\/2016\/07\/Tanning_Banner.jpg&#8220; custom_padding_tablet=&#8220;50px|0|50px|0&#8243; transparent_background=&#8220;off&#8220; padding_mobile=&#8220;off&#8220;][et_pb_row padding_mobile=&#8220;off&#8220; column_padding_mobile=&#8220;on&#8220; admin_label=&#8220;Zeile&#8220; _builder_version=&#8220;3.0.47&#8243; background_size=&#8220;initial&#8220; background_position=&#8220;top_left&#8220; background_repeat=&#8220;repeat&#8220;][et_pb_column type=&#8220;4_4&#8243; _builder_version=&#8220;3.0.47&#8243; column_padding_mobile=&#8220;on&#8220; parallax=&#8220;off&#8220; parallax_method=&#8220;on&#8220;][et_pb_divider height=&#8220;150&#8243; disabled_on=&#8220;on|on|off&#8220; admin_label=&#8220;Teiler&#8220; _builder_version=&#8220;3.0.47&#8243; hide_on_mobile=&#8220;on&#8220;] [\/et_pb_divider][\/et_pb_column][\/et_pb_row][\/et_pb_section][et_pb_section fb_built=&#8220;1&#8243; specialty=&#8220;on&#8220; admin_label=&#8220;Sektion&#8220; custom_padding_last_edited=&#8220;on|desktop&#8220; _builder_version=&#8220;3.0.47&#8243; custom_padding_tablet=&#8220;50px|0|50px|0&#8243; transparent_background=&#8220;off&#8220; padding_mobile=&#8220;off&#8220;][et_pb_column type=&#8220;1_2&#8243; _builder_version=&#8220;3.0.47&#8243; parallax=&#8220;off&#8220; parallax_method=&#8220;on&#8220;][et_pb_text admin_label=&#8220;Text&#8220; _builder_version=&#8220;3.0.47&#8243; background_size=&#8220;initial&#8220; background_position=&#8220;top_left&#8220; background_repeat=&#8220;repeat&#8220; use_border_color=&#8220;off&#8220; border_style=&#8220;solid&#8220;]<\/p>\n<h3>Tanning \u2013 was ist das?<\/h3>\n<p>Ges\u00fcnder als die Br\u00e4une von der Sonnenbank und ein direktes Ergebnis mit nur einem Besuch! Beim Tanning wird mittels einer speziellen Spr\u00fch-Pistole eine v\u00f6llig unbedenkliche Br\u00e4unungslotion auf die Haut gespr\u00fcht.<\/p>\n<p>Die \u201eBronzer\u201c, die mit der Lotion auf die Haut aufgetragen werden, verleihen ihr eine sofortige Br\u00e4une \u2013 ohne Nebenwirkungen oder Gesundheitssch\u00e4digungen. Den Grad der Br\u00e4unung k\u00f6nnen Sie je nach Wunsch bestimmen \u2013 wir beraten Sie dahingehend gerne.<\/p>\n<p>Beim Tanning per Airbrush wird im Gegensatz zur normalen UV-Br\u00e4une durch die Sonnenbank oder das Bad in der Sonne nur die oberste Hautschicht gebr\u00e4unt \u2013 und zwar sofort mit nur einer Anwendung.<\/p>\n<p>Die Br\u00e4une h\u00e4lt in der Regel zwischen 7 und 12 Tagen \u2013 je nachdem wie oft Sie duschen, wie sehr Sie Ihre Haut pflegen und wie stark Sie schwitzen.<\/p>\n<p>[\/et_pb_text][\/et_pb_column][et_pb_column type=&#8220;1_2&#8243; specialty_columns=&#8220;2&#8243; _builder_version=&#8220;3.0.47&#8243; parallax=&#8220;off&#8220; parallax_method=&#8220;on&#8220;][et_pb_row_inner padding_mobile=&#8220;off&#8220; column_padding_mobile=&#8220;off&#8220; _builder_version=&#8220;3.0.47&#8243;][et_pb_column_inner type=&#8220;1_2&#8243; saved_specialty_column_type=&#8220;1_2&#8243; _builder_version=&#8220;3.0.47&#8243; box_shadow_position=&#8220;outer&#8220; column_padding_mobile=&#8220;off&#8220; parallax=&#8220;off&#8220; parallax_method=&#8220;on&#8220;][et_pb_image src=&#8220;https:\/\/city-waxing.de\/saarlouis\/wp-content\/uploads\/sites\/3\/2016\/07\/Tanning_Quadrat_01.jpg&#8220; admin_label=&#8220;Bild&#8220; _builder_version=&#8220;3.0.96&#8243; use_border_color=&#8220;off&#8220; border_color=&#8220;#ffffff&#8220; border_width=&#8220;1px&#8220; border_style=&#8220;solid&#8220; animation=&#8220;off&#8220; sticky=&#8220;off&#8220;] [\/et_pb_image][\/et_pb_column_inner][et_pb_column_inner type=&#8220;1_2&#8243; saved_specialty_column_type=&#8220;1_2&#8243; _builder_version=&#8220;3.0.47&#8243; box_shadow_position=&#8220;outer&#8220; column_padding_mobile=&#8220;off&#8220; parallax=&#8220;off&#8220; parallax_method=&#8220;on&#8220;][et_pb_image src=&#8220;https:\/\/city-waxing.de\/saarlouis\/wp-content\/uploads\/sites\/3\/2016\/07\/Tanning_Quadrat_02.jpg&#8220; admin_label=&#8220;Bild&#8220; _builder_version=&#8220;3.0.96&#8243; use_border_color=&#8220;off&#8220; border_color=&#8220;#ffffff&#8220; border_width=&#8220;1px&#8220; border_style=&#8220;solid&#8220; animation=&#8220;off&#8220; sticky=&#8220;off&#8220;] [\/et_pb_image][\/et_pb_column_inner][\/et_pb_row_inner][et_pb_row_inner padding_mobile=&#8220;off&#8220; column_padding_mobile=&#8220;on&#8220; parallax_method_1=&#8220;off&#8220; _builder_version=&#8220;3.0.47&#8243; custom_margin=&#8220;-30px|||&#8220;][et_pb_column_inner type=&#8220;4_4&#8243; saved_specialty_column_type=&#8220;1_2&#8243; _builder_version=&#8220;3.0.47&#8243; box_shadow_position=&#8220;outer&#8220; column_padding_mobile=&#8220;on&#8220; parallax=&#8220;off&#8220; parallax_method=&#8220;off&#8220;][et_pb_image src=&#8220;https:\/\/city-waxing.de\/saarlouis\/wp-content\/uploads\/sites\/3\/2016\/07\/Tanning_Rechteck.jpg&#8220; admin_label=&#8220;Bild&#8220; _builder_version=&#8220;3.0.96&#8243; use_border_color=&#8220;off&#8220; border_color=&#8220;#ffffff&#8220; border_width=&#8220;1px&#8220; border_style=&#8220;solid&#8220; animation=&#8220;off&#8220; sticky=&#8220;off&#8220;] [\/et_pb_image][\/et_pb_column_inner][\/et_pb_row_inner][\/et_pb_column][\/et_pb_section][et_pb_section fb_built=&#8220;1&#8243; background_color=&#8220;rgba(240,165,29,0.5)&#8220; admin_label=&#8220;Sektion&#8220; custom_padding_last_edited=&#8220;on|desktop&#8220; _builder_version=&#8220;3.0.47&#8243; custom_padding_tablet=&#8220;50px|0|50px|0&#8243; transparent_background=&#8220;off&#8220; padding_mobile=&#8220;off&#8220;][et_pb_row padding_mobile=&#8220;off&#8220; column_padding_mobile=&#8220;on&#8220; admin_label=&#8220;Zeile&#8220; _builder_version=&#8220;3.0.47&#8243; background_size=&#8220;initial&#8220; background_position=&#8220;top_left&#8220; background_repeat=&#8220;repeat&#8220;][et_pb_column type=&#8220;1_2&#8243; _builder_version=&#8220;3.0.47&#8243; column_padding_mobile=&#8220;on&#8220; parallax=&#8220;off&#8220; parallax_method=&#8220;on&#8220;][et_pb_text admin_label=&#8220;Text&#8220; _builder_version=&#8220;3.0.47&#8243; background_size=&#8220;initial&#8220; background_position=&#8220;top_left&#8220; background_repeat=&#8220;repeat&#8220; use_border_color=&#8220;off&#8220; border_style=&#8220;solid&#8220;]<\/p>\n<p><span style=\"color: #333333;\"><strong>Vor dem Tanning sollten Sie folgende Punkte beachten:<\/strong><\/span><\/p>\n<p>&nbsp;<\/p>\n<ul>\n<li><span style=\"color: #333333;\">Peelen Sie am Vortag der Anwendung ihre Haut mit einem \u00f6lfreien Peelingprodukt<\/span><\/li>\n<\/ul>\n<ul>\n<li><span style=\"color: #333333;\">Achten Sie besonders an trockenen Hautstellen wie z.B. Ellbogen, Knie und F\u00fc\u00dfe auf ein gr\u00fcndliches Peeling.<\/span><\/li>\n<\/ul>\n<ul>\n<li><span style=\"color: #333333;\">Vor der Behandlung sollten Sie kein Parfum, Deo oder Make-Up anwenden, da die Tanning-Lotion so nicht direkt an die Haut gelangen kann.<\/span><\/li>\n<\/ul>\n<ul>\n<li><span style=\"color: #333333;\">Tragen Sie am Tag der Behandlung dunkle, bequeme Kleidung, die nicht eng am K\u00f6rper anliegt.<\/span><\/li>\n<\/ul>\n<ul>\n<li><span style=\"color: #333333;\">Fu\u00df- und Fingern\u00e4gel sollten Sie am Besten lackieren, damit die Lotion hier nicht haften bleibt und leicht entfernt werden kann.<\/span><\/li>\n<\/ul>\n<p>[\/et_pb_text][\/et_pb_column][et_pb_column type=&#8220;1_2&#8243; _builder_version=&#8220;3.0.47&#8243; column_padding_mobile=&#8220;on&#8220; parallax=&#8220;off&#8220; parallax_method=&#8220;on&#8220;][et_pb_gallery gallery_ids=&#8220;184,179,180&#8243; fullwidth=&#8220;on&#8220; admin_label=&#8220;Galerie&#8220; _builder_version=&#8220;3.0.47&#8243; auto=&#8220;on&#8220; auto_speed=&#8220;3500&#8243; use_border_color=&#8220;off&#8220; border_color=&#8220;#ffffff&#8220; border_width=&#8220;1px&#8220; border_style=&#8220;solid&#8220;] [\/et_pb_gallery][et_pb_image src=&#8220;https:\/\/city-waxing.de\/saarlouis\/wp-content\/uploads\/sites\/3\/2016\/07\/Bonzabronz_leiste.jpg&#8220; admin_label=&#8220;Bild&#8220; _builder_version=&#8220;3.0.96&#8243; use_border_color=&#8220;off&#8220; border_color=&#8220;#ffffff&#8220; border_width=&#8220;1px&#8220; border_style=&#8220;solid&#8220; animation=&#8220;off&#8220; sticky=&#8220;off&#8220;] [\/et_pb_image][\/et_pb_column][\/et_pb_row][\/et_pb_section][et_pb_section fb_built=&#8220;1&#8243; admin_label=&#8220;Sektion&#8220; custom_padding_last_edited=&#8220;on|desktop&#8220; _builder_version=&#8220;3.0.47&#8243; custom_padding_tablet=&#8220;50px|0|50px|0&#8243; transparent_background=&#8220;off&#8220; padding_mobile=&#8220;off&#8220;][et_pb_row padding_mobile=&#8220;off&#8220; column_padding_mobile=&#8220;on&#8220; admin_label=&#8220;Zeile&#8220; _builder_version=&#8220;3.0.47&#8243; background_size=&#8220;initial&#8220; background_position=&#8220;top_left&#8220; background_repeat=&#8220;repeat&#8220;][et_pb_column type=&#8220;1_2&#8243; _builder_version=&#8220;3.0.47&#8243; column_padding_mobile=&#8220;on&#8220; parallax=&#8220;off&#8220; parallax_method=&#8220;on&#8220;][et_pb_text admin_label=&#8220;Text&#8220; _builder_version=&#8220;3.0.47&#8243; background_size=&#8220;initial&#8220; background_position=&#8220;top_left&#8220; background_repeat=&#8220;repeat&#8220; use_border_color=&#8220;off&#8220; border_style=&#8220;solid&#8220;]<\/p>\n<h2>Preise<\/h2>\n<p>[\/et_pb_text][et_pb_text admin_label=&#8220;Text&#8220; _builder_version=&#8220;3.0.47&#8243; background_size=&#8220;initial&#8220; background_position=&#8220;top_left&#8220; background_repeat=&#8220;repeat&#8220; use_border_color=&#8220;off&#8220; border_style=&#8220;solid&#8220;] \n<table id=\"tablepress-3\" class=\"tablepress tablepress-id-3\">\n<tbody>\n<tr class=\"row-1 odd\">\n\t<td class=\"column-1\">Bronzer (Winter Bronze, Macchiato, Chocolate)<\/td><td class=\"column-2\">25,-\u20ac<\/td>\n<\/tr>\n<tr class=\"row-2 even\">\n\t<td class=\"column-1\">Marrakesh Tan, No Limits<\/td><td class=\"column-2\">28,-\u20ac<\/td>\n<\/tr>\n<tr class=\"row-3 odd\">\n\t<td class=\"column-1\">Xtend (Braun in zwei Stunden)<\/td><td class=\"column-2\">29,-\u20ac<\/td>\n<\/tr>\n<tr class=\"row-4 even\">\n\t<td class=\"column-1\">Tanning Spezial (Ganzk\u00f6rperbehandlung ab 3 Personen)<\/td><td class=\"column-2\"><nobr>ab 59,-\u20ac<\/nobr><\/td>\n<\/tr>\n<tr class=\"row-5 odd\">\n\t<td class=\"column-1\">Teilk\u00f6rperbehandlung<\/td><td class=\"column-2\">15,-\u20ac<\/td>\n<\/tr>\n<\/tbody>\n<\/table>\n<!-- #tablepress-3 from cache --> [\/et_pb_text][et_pb_divider height=&#8220;50&#8243; disabled_on=&#8220;on|on|off&#8220; admin_label=&#8220;Teiler&#8220; _builder_version=&#8220;3.0.47&#8243; hide_on_mobile=&#8220;on&#8220;][\/et_pb_divider][et_pb_text admin_label=&#8220;Text&#8220; _builder_version=&#8220;3.0.47&#8243; background_size=&#8220;initial&#8220; background_position=&#8220;top_left&#8220; background_repeat=&#8220;repeat&#8220; use_border_color=&#8220;off&#8220; border_style=&#8220;solid&#8220;]<\/p>\n<h3>Bonza Bronz<\/h3>\n<\/p>\n<p>&nbsp;<\/p>\n<\/p>\n<p>In unserer City waxing Filiale in Saarlouis verwenden wir Produkte und das Tanning-System von der Nummer 1 im Bereich Spray-Tanning.<br \/>\nMit exklusiven Bonza Bronz Tanning-Liquids, Spr\u00fchl\u00f6sungen, Pflegeprodukten und professionellem Equipment mit qualitativ hochwertigen, in Deutschland hergestellten Ger\u00e4ten.<\/p>\n<p>[\/et_pb_text][\/et_pb_column][et_pb_column type=&#8220;1_2&#8243; _builder_version=&#8220;3.0.47&#8243; column_padding_mobile=&#8220;on&#8220; parallax=&#8220;off&#8220; parallax_method=&#8220;on&#8220;][et_pb_image src=&#8220;https:\/\/city-waxing.de\/saarlouis\/wp-content\/uploads\/sites\/3\/2016\/07\/Tanning_Foto01.jpg&#8220; admin_label=&#8220;Bild&#8220; _builder_version=&#8220;3.0.96&#8243; use_border_color=&#8220;off&#8220; border_color=&#8220;#ffffff&#8220; border_width=&#8220;1px&#8220; border_style=&#8220;solid&#8220; animation=&#8220;off&#8220; sticky=&#8220;off&#8220;][\/et_pb_image][\/et_pb_column][\/et_pb_row][\/et_pb_section]<\/p>\n","protected":false},"excerpt":{"rendered":"<p>Tanning &#8211; die gesunde Br\u00e4une bei City waxing Tanning \u2013 was ist das? Ges\u00fcnder als die Br\u00e4une von der Sonnenbank und ein direktes Ergebnis mit nur einem Besuch! Beim Tanning wird mittels einer speziellen Spr\u00fch-Pistole eine v\u00f6llig unbedenkliche Br\u00e4unungslotion auf die Haut gespr\u00fcht. Die \u201eBronzer\u201c, die mit der Lotion auf die Haut aufgetragen werden, verleihen [&hellip;]<\/p>\n","protected":false},"author":1,"featured_media":0,"parent":0,"menu_order":0,"comment_status":"closed","ping_status":"closed","template":"","meta":{"_et_pb_use_builder":"on","_et_pb_old_content":"","_et_gb_content_width":"","footnotes":""},"_links":{"self":[{"href":"https:\/\/city-waxing.de\/saarlouis\/wp-json\/wp\/v2\/pages\/158"}],"collection":[{"href":"https:\/\/city-waxing.de\/saarlouis\/wp-json\/wp\/v2\/pages"}],"about":[{"href":"https:\/\/city-waxing.de\/saarlouis\/wp-json\/wp\/v2\/types\/page"}],"author":[{"embeddable":true,"href":"https:\/\/city-waxing.de\/saarlouis\/wp-json\/wp\/v2\/users\/1"}],"replies":[{"embeddable":true,"href":"https:\/\/city-waxing.de\/saarlouis\/wp-json\/wp\/v2\/comments?post=158"}],"version-history":[{"count":20,"href":"https:\/\/city-waxing.de\/saarlouis\/wp-json\/wp\/v2\/pages\/158\/revisions"}],"predecessor-version":[{"id":471,"href":"https:\/\/city-waxing.de\/saarlouis\/wp-json\/wp\/v2\/pages\/158\/revisions\/471"}],"wp:attachment":[{"href":"https:\/\/city-waxing.de\/saarlouis\/wp-json\/wp\/v2\/media?parent=158"}],"curies":[{"name":"wp","href":"https:\/\/api.w.org\/{rel}","templated":true}]}}