{"id":139,"date":"2016-06-14T17:27:04","date_gmt":"2016-06-14T15:27:04","guid":{"rendered":"http:\/\/city-waxing.de\/saarlouis\/?page_id=139"},"modified":"2022-04-07T12:18:29","modified_gmt":"2022-04-07T10:18:29","slug":"leistungen-preise","status":"publish","type":"page","link":"https:\/\/city-waxing.de\/saarlouis\/leistungen-preise\/","title":{"rendered":"Leistungen &#038; Preise"},"content":{"rendered":"<p>[et_pb_section fb_built=&#8220;1&#8243; custom_padding_last_edited=&#8220;on|desktop&#8220; admin_label=&#8220;section&#8220; _builder_version=&#8220;4.16&#8243; background_image=&#8220;https:\/\/www.city-waxing.de\/saarlouis\/wp-content\/uploads\/sites\/3\/2016\/07\/19_Flyer_Bume_Gross.jpg&#8220; parallax=&#8220;on&#8220; parallax_method=&#8220;off&#8220; custom_padding_tablet=&#8220;50px|0|50px|0&#8243; custom_padding_phone=&#8220;&#8220; transparent_background=&#8220;off&#8220; padding_mobile=&#8220;off&#8220; global_colors_info=&#8220;{}&#8220;][et_pb_row padding_mobile=&#8220;off&#8220; column_padding_mobile=&#8220;on&#8220; admin_label=&#8220;row&#8220; _builder_version=&#8220;4.16&#8243; background_size=&#8220;initial&#8220; background_position=&#8220;top_left&#8220; background_repeat=&#8220;repeat&#8220; global_colors_info=&#8220;{}&#8220;][et_pb_column type=&#8220;4_4&#8243; _builder_version=&#8220;4.16&#8243; custom_padding=&#8220;|||&#8220; global_colors_info=&#8220;{}&#8220; custom_padding__hover=&#8220;|||&#8220;][et_pb_divider show_divider=&#8220;off&#8220; disabled_on=&#8220;on|on|off&#8220; _builder_version=&#8220;4.16&#8243; height=&#8220;100px&#8220; hide_on_mobile=&#8220;on&#8220; global_colors_info=&#8220;{}&#8220;][\/et_pb_divider][\/et_pb_column][\/et_pb_row][\/et_pb_section][et_pb_section fb_built=&#8220;1&#8243; custom_padding_last_edited=&#8220;on|desktop&#8220; _builder_version=&#8220;4.16&#8243; background_color=&#8220;#f0a51d&#8220; custom_padding_tablet=&#8220;50px|0|50px|0&#8243; custom_padding_phone=&#8220;&#8220; transparent_background=&#8220;off&#8220; padding_mobile=&#8220;off&#8220; global_colors_info=&#8220;{}&#8220;][et_pb_row padding_mobile=&#8220;off&#8220; column_padding_mobile=&#8220;on&#8220; _builder_version=&#8220;4.16&#8243; background_size=&#8220;initial&#8220; background_position=&#8220;top_left&#8220; background_repeat=&#8220;repeat&#8220; global_colors_info=&#8220;{}&#8220;][et_pb_column type=&#8220;4_4&#8243; _builder_version=&#8220;4.16&#8243; custom_padding=&#8220;|||&#8220; global_colors_info=&#8220;{}&#8220; custom_padding__hover=&#8220;|||&#8220;][et_pb_text _builder_version=&#8220;4.16&#8243; background_size=&#8220;initial&#8220; background_position=&#8220;top_left&#8220; background_repeat=&#8220;repeat&#8220; background_layout=&#8220;dark&#8220; use_border_color=&#8220;off&#8220; border_style=&#8220;solid&#8220; global_colors_info=&#8220;{}&#8220;]<\/p>\n<h1>Unsere Leistungen und Preise<\/h1>\n<p>[\/et_pb_text][\/et_pb_column][\/et_pb_row][\/et_pb_section][et_pb_section fb_built=&#8220;1&#8243; custom_padding_last_edited=&#8220;on|desktop&#8220; _builder_version=&#8220;4.16&#8243; custom_padding_tablet=&#8220;50px|0|50px|0&#8243; custom_padding_phone=&#8220;&#8220; transparent_background=&#8220;off&#8220; padding_mobile=&#8220;off&#8220; global_colors_info=&#8220;{}&#8220;][et_pb_row padding_mobile=&#8220;off&#8220; column_padding_mobile=&#8220;on&#8220; _builder_version=&#8220;4.16&#8243; background_size=&#8220;initial&#8220; background_position=&#8220;top_left&#8220; background_repeat=&#8220;repeat&#8220; global_colors_info=&#8220;{}&#8220;][et_pb_column type=&#8220;4_4&#8243; _builder_version=&#8220;4.16&#8243; custom_padding=&#8220;|||&#8220; global_colors_info=&#8220;{}&#8220; custom_padding__hover=&#8220;|||&#8220;][et_pb_text _builder_version=&#8220;4.16&#8243; background_size=&#8220;initial&#8220; background_position=&#8220;top_left&#8220; background_repeat=&#8220;repeat&#8220; use_border_color=&#8220;off&#8220; border_style=&#8220;solid&#8220; global_colors_info=&#8220;{}&#8220;]<\/p>\n<h2>Liebe Kunden,<\/h2>\n<p>Sie sind in unserem City waxing Studio herzlich willkommen. Bei uns ist der Kunde K\u00f6nig! Wir freuen uns, dass Sie mit unserem Service zufrieden sind. Bitte haben Sie daher Verst\u00e4ndnis daf\u00fcr, dass wir kurzfristige Absagen mit 30% berechnen m\u00fcssen.<br \/>\nKurzfristig abgesagte Termine beeinflussen unser Tagesgesch\u00e4ft erheblich. Wir m\u00f6chten Sie daher bitten, Ihre Termine rechtzeitig, mindestens 1 Tag vorher, abzusagen.<br \/>\nVielen Dank.<br \/>\n[\/et_pb_text][\/et_pb_column][\/et_pb_row][\/et_pb_section][et_pb_section fb_built=&#8220;1&#8243; custom_padding_last_edited=&#8220;on|desktop&#8220; _builder_version=&#8220;4.16&#8243; custom_padding_tablet=&#8220;50px|0|50px|0&#8243; custom_padding_phone=&#8220;&#8220; transparent_background=&#8220;off&#8220; padding_mobile=&#8220;off&#8220; global_colors_info=&#8220;{}&#8220;][et_pb_row padding_mobile=&#8220;off&#8220; column_padding_mobile=&#8220;on&#8220; _builder_version=&#8220;4.16&#8243; background_size=&#8220;initial&#8220; background_position=&#8220;top_left&#8220; background_repeat=&#8220;repeat&#8220; global_colors_info=&#8220;{}&#8220; column_structure=&#8220;1_2,1_2&#8243;][et_pb_column type=&#8220;1_2&#8243; _builder_version=&#8220;4.16&#8243; custom_padding=&#8220;|||&#8220; global_colors_info=&#8220;{}&#8220; custom_padding__hover=&#8220;|||&#8220;][et_pb_text _builder_version=&#8220;4.16&#8243; background_size=&#8220;initial&#8220; background_position=&#8220;top_left&#8220; background_repeat=&#8220;repeat&#8220; use_border_color=&#8220;off&#8220; border_style=&#8220;solid&#8220; global_colors_info=&#8220;{}&#8220;]<\/p>\n<h2>Waxing f\u00fcr Sie<\/h2>\n<p>[\/et_pb_text][et_pb_text _builder_version=&#8220;4.16&#8243; background_size=&#8220;initial&#8220; background_position=&#8220;top_left&#8220; background_repeat=&#8220;repeat&#8220; use_border_color=&#8220;off&#8220; border_style=&#8220;solid&#8220; global_colors_info=&#8220;{}&#8220;]\n<table id=\"tablepress-1\" class=\"tablepress tablepress-id-1\">\n<tbody class=\"row-hover\">\n<tr class=\"row-1 odd\">\n\t<td class=\"column-1\">Augenbrauen<\/td><td class=\"column-2\">15,00 \u20ac<\/td>\n<\/tr>\n<tr class=\"row-2 even\">\n\t<td class=\"column-1\">Augenbrauen modelliert<\/td><td class=\"column-2\">19,00 \u20ac<\/td>\n<\/tr>\n<tr class=\"row-3 odd\">\n\t<td class=\"column-1\">Oberlippe<\/td><td class=\"column-2\">10,00\u00a0\u20ac<\/td>\n<\/tr>\n<tr class=\"row-4 even\">\n\t<td class=\"column-1\">Stirn<\/td><td class=\"column-2\">12,00 \u20ac<\/td>\n<\/tr>\n<tr class=\"row-5 odd\">\n\t<td class=\"column-1\">Wangen<\/td><td class=\"column-2\">12,00\u00a0\u20ac<\/td>\n<\/tr>\n<tr class=\"row-6 even\">\n\t<td class=\"column-1\">Nase<\/td><td class=\"column-2\">9,00 \u20ac<\/td>\n<\/tr>\n<tr class=\"row-7 odd\">\n\t<td class=\"column-1\">Kinn<\/td><td class=\"column-2\">10,00 \u20ac<\/td>\n<\/tr>\n<tr class=\"row-8 even\">\n\t<td class=\"column-1\">F\u00fc\u00dfe<\/td><td class=\"column-2\">12,00 \u20ac<\/td>\n<\/tr>\n<tr class=\"row-9 odd\">\n\t<td class=\"column-1\">H\u00e4nde<\/td><td class=\"column-2\">12,00 \u20ac<\/td>\n<\/tr>\n<tr class=\"row-10 even\">\n\t<td class=\"column-1\">R\u00fccken (Lendenbereich)<\/td><td class=\"column-2\">18,00 \u20ac<\/td>\n<\/tr>\n<tr class=\"row-11 odd\">\n\t<td class=\"column-1\">Achseln<\/td><td class=\"column-2\">13,00 \u20ac<\/td>\n<\/tr>\n<tr class=\"row-12 even\">\n\t<td class=\"column-1\">Arme komplett<\/td><td class=\"column-2\">31,00 \u20ac<\/td>\n<\/tr>\n<tr class=\"row-13 odd\">\n\t<td class=\"column-1\">Unterarme<\/td><td class=\"column-2\">22,00 \u20ac<\/td>\n<\/tr>\n<tr class=\"row-14 even\">\n\t<td class=\"column-1\">Beine komplett<\/td><td class=\"column-2\">46,00 \u20ac<\/td>\n<\/tr>\n<tr class=\"row-15 odd\">\n\t<td class=\"column-1\">Beine Unterschenkel<\/td><td class=\"column-2\">26,00 \u20ac<\/td>\n<\/tr>\n<tr class=\"row-16 even\">\n\t<td class=\"column-1\">Beine Oberschenkel<\/td><td class=\"column-2\">29,00 \u20ac<\/td>\n<\/tr>\n<tr class=\"row-17 odd\">\n\t<td class=\"column-1\">Beine 3\/4<\/td><td class=\"column-2\">39,00\u20ac<\/td>\n<\/tr>\n<tr class=\"row-18 even\">\n\t<td class=\"column-1\">Bikini<\/td><td class=\"column-2\">17,00 \u20ac<\/td>\n<\/tr>\n<tr class=\"row-19 odd\">\n\t<td class=\"column-1\">Bikini Tanga<\/td><td class=\"column-2\">21,00 \u20ac<\/td>\n<\/tr>\n<tr class=\"row-20 even\">\n\t<td class=\"column-1\">Intim<\/td><td class=\"column-2\">36,00<\/td>\n<\/tr>\n<tr class=\"row-21 odd\">\n\t<td class=\"column-1\">Brazilian Triangle*<\/td><td class=\"column-2\">36,00 \u20ac<\/td>\n<\/tr>\n<tr class=\"row-22 even\">\n\t<td class=\"column-1\">Brazilian Hollywood Cut*<\/td><td class=\"column-2\">36,00 \u20ac<\/td>\n<\/tr>\n<tr class=\"row-23 odd\">\n\t<td class=\"column-1\">Brazilian Landing Strip*<\/td><td class=\"column-2\">36,00 \u20ac<\/td>\n<\/tr>\n<tr class=\"row-24 even\">\n\t<td class=\"column-1\">Pobacken halb<\/td><td class=\"column-2\">13,00 \u20ac<\/td>\n<\/tr>\n<tr class=\"row-25 odd\">\n\t<td class=\"column-1\">Pofalte<\/td><td class=\"column-2\">15,00 \u20ac<\/td>\n<\/tr>\n<tr class=\"row-26 even\">\n\t<td class=\"column-1\">Pobacken (ohne Pofalte)<\/td><td class=\"column-2\">22,00 \u20ac<\/td>\n<\/tr>\n<tr class=\"row-27 odd\">\n\t<td class=\"column-1\">Po komplett*<\/td><td class=\"column-2\">30,00 \u20ac<\/td>\n<\/tr>\n<tr class=\"row-28 even\">\n\t<td class=\"column-1\">Streifen extra<\/td><td class=\"column-2\">6,00 \u20ac<\/td>\n<\/tr>\n<\/tbody>\n<\/table>\n<!-- #tablepress-1 from cache --><br \/>\n[\/et_pb_text][\/et_pb_column][et_pb_column type=&#8220;1_2&#8243; _builder_version=&#8220;4.16&#8243; custom_padding=&#8220;|||&#8220; global_colors_info=&#8220;{}&#8220; custom_padding__hover=&#8220;|||&#8220;][et_pb_text _builder_version=&#8220;4.16&#8243; background_size=&#8220;initial&#8220; background_position=&#8220;top_left&#8220; background_repeat=&#8220;repeat&#8220; use_border_color=&#8220;off&#8220; border_style=&#8220;solid&#8220; global_colors_info=&#8220;{}&#8220;]<\/p>\n<h2>Waxing f\u00fcr Ihn<\/h2>\n<p>[\/et_pb_text][et_pb_text _builder_version=&#8220;4.16&#8243; background_size=&#8220;initial&#8220; background_position=&#8220;top_left&#8220; background_repeat=&#8220;repeat&#8220; use_border_color=&#8220;off&#8220; border_style=&#8220;solid&#8220; global_colors_info=&#8220;{}&#8220;]\n<table id=\"tablepress-2\" class=\"tablepress tablepress-id-2\">\n<tbody class=\"row-hover\">\n<tr class=\"row-1 odd\">\n\t<td class=\"column-1\">Augenbrauen<\/td><td class=\"column-2\">18,00 \u20ac<\/td>\n<\/tr>\n<tr class=\"row-2 even\">\n\t<td class=\"column-1\">Augenbrauen modelliert<\/td><td class=\"column-2\">22,00 \u20ac<\/td>\n<\/tr>\n<tr class=\"row-3 odd\">\n\t<td class=\"column-1\">Ohren<\/td><td class=\"column-2\">13,00\u00a0\u20ac<\/td>\n<\/tr>\n<tr class=\"row-4 even\">\n\t<td class=\"column-1\">Nase<\/td><td class=\"column-2\">13,00 \u20ac<\/td>\n<\/tr>\n<tr class=\"row-5 odd\">\n\t<td class=\"column-1\">H\u00e4nde<\/td><td class=\"column-2\">14,00\u00a0\u20ac<\/td>\n<\/tr>\n<tr class=\"row-6 even\">\n\t<td class=\"column-1\">F\u00fc\u00dfe<\/td><td class=\"column-2\">14,00 \u20ac<\/td>\n<\/tr>\n<tr class=\"row-7 odd\">\n\t<td class=\"column-1\">Arme komplett<\/td><td class=\"column-2\">42,00 \u20ac<\/td>\n<\/tr>\n<tr class=\"row-8 even\">\n\t<td class=\"column-1\">Unterarme<\/td><td class=\"column-2\">26,00 \u20ac<\/td>\n<\/tr>\n<tr class=\"row-9 odd\">\n\t<td class=\"column-1\">Oberarme<\/td><td class=\"column-2\">22,00 \u20ac<\/td>\n<\/tr>\n<tr class=\"row-10 even\">\n\t<td class=\"column-1\">Nacken<\/td><td class=\"column-2\">17,00 \u20ac<\/td>\n<\/tr>\n<tr class=\"row-11 odd\">\n\t<td class=\"column-1\">Schulterg\u00fcrtel mit Nacken<\/td><td class=\"column-2\">23,00 \u20ac<\/td>\n<\/tr>\n<tr class=\"row-12 even\">\n\t<td class=\"column-1\">Schulterg\u00fcrtel<\/td><td class=\"column-2\">17,00 \u20ac<\/td>\n<\/tr>\n<tr class=\"row-13 odd\">\n\t<td class=\"column-1\">Lende<\/td><td class=\"column-2\">18,00 \u20ac<\/td>\n<\/tr>\n<tr class=\"row-14 even\">\n\t<td class=\"column-1\">R\u00fccken<\/td><td class=\"column-2\">40,00 \u20ac<\/td>\n<\/tr>\n<tr class=\"row-15 odd\">\n\t<td class=\"column-1\">Bauch<\/td><td class=\"column-2\">24,00 \u20ac<\/td>\n<\/tr>\n<tr class=\"row-16 even\">\n\t<td class=\"column-1\">Brust<\/td><td class=\"column-2\">25,00 \u20ac<\/td>\n<\/tr>\n<tr class=\"row-17 odd\">\n\t<td class=\"column-1\">Bauch und Brust<\/td><td class=\"column-2\">43,00 \u20ac<\/td>\n<\/tr>\n<tr class=\"row-18 even\">\n\t<td class=\"column-1\">Achseln<\/td><td class=\"column-2\">15,00 \u20ac<\/td>\n<\/tr>\n<tr class=\"row-19 odd\">\n\t<td class=\"column-1\">Beine komplett<\/td><td class=\"column-2\">58,00 \u20ac<\/td>\n<\/tr>\n<tr class=\"row-20 even\">\n\t<td class=\"column-1\">Beine Unterschenkel<\/td><td class=\"column-2\">31,00 \u20ac<\/td>\n<\/tr>\n<tr class=\"row-21 odd\">\n\t<td class=\"column-1\">Beine Oberschenkel<\/td><td class=\"column-2\">35,00 \u20ac<\/td>\n<\/tr>\n<tr class=\"row-22 even\">\n\t<td class=\"column-1\">Brazilian Hollywood Cut*<\/td><td class=\"column-2\">58,00 \u20ac<\/td>\n<\/tr>\n<tr class=\"row-23 odd\">\n\t<td class=\"column-1\">Pobacken<\/td><td class=\"column-2\">28,00 \u20ac<\/td>\n<\/tr>\n<tr class=\"row-24 even\">\n\t<td class=\"column-1\">Pobacken halb<\/td><td class=\"column-2\">20,00 \u20ac<\/td>\n<\/tr>\n<tr class=\"row-25 odd\">\n\t<td class=\"column-1\">Pofalte<\/td><td class=\"column-2\">23,00 \u20ac<\/td>\n<\/tr>\n<tr class=\"row-26 even\">\n\t<td class=\"column-1\">Po komplett*<\/td><td class=\"column-2\">43,00 \u20ac<\/td>\n<\/tr>\n<tr class=\"row-27 odd\">\n\t<td class=\"column-1\">Streifen extra<\/td><td class=\"column-2\">6,00 \u20ac<\/td>\n<\/tr>\n<\/tbody>\n<\/table>\n<!-- #tablepress-2 from cache --><br \/>\n[\/et_pb_text][\/et_pb_column][\/et_pb_row][et_pb_row padding_mobile=&#8220;off&#8220; column_padding_mobile=&#8220;on&#8220; _builder_version=&#8220;4.16&#8243; background_size=&#8220;initial&#8220; background_position=&#8220;top_left&#8220; background_repeat=&#8220;repeat&#8220; global_colors_info=&#8220;{}&#8220;][et_pb_column type=&#8220;4_4&#8243; _builder_version=&#8220;4.16&#8243; custom_padding=&#8220;|||&#8220; global_colors_info=&#8220;{}&#8220; custom_padding__hover=&#8220;|||&#8220;][et_pb_text _builder_version=&#8220;4.16&#8243; background_size=&#8220;initial&#8220; background_position=&#8220;top_left&#8220; background_repeat=&#8220;repeat&#8220; custom_padding=&#8220;-10px|||&#8220; use_border_color=&#8220;off&#8220; border_color=&#8220;#ffffff&#8220; border_style=&#8220;solid&#8220; global_colors_info=&#8220;{}&#8220;]*mit Pofalte<br \/>\n[\/et_pb_text][\/et_pb_column][\/et_pb_row][et_pb_row padding_mobile=&#8220;off&#8220; column_padding_mobile=&#8220;on&#8220; _builder_version=&#8220;3.25&#8243; background_size=&#8220;initial&#8220; background_position=&#8220;top_left&#8220; background_repeat=&#8220;repeat&#8220; make_fullwidth=&#8220;off&#8220; use_custom_width=&#8220;off&#8220; width_unit=&#8220;on&#8220; global_module=&#8220;381&#8243; global_colors_info=&#8220;{}&#8220; column_structure=&#8220;1_3,1_3,1_3&#8243;][et_pb_column type=&#8220;1_3&#8243; _builder_version=&#8220;4.16&#8243; custom_padding=&#8220;|||&#8220; global_colors_info=&#8220;{}&#8220; custom_padding__hover=&#8220;|||&#8220;][et_pb_blurb title=&#8220;Kombipaket klein f\u00fcr Sie&#8220; image_icon_width=&#8220;none&#8220; admin_label=&#8220;Kombi klein Sie&#8220; _builder_version=&#8220;4.16&#8243; header_font=&#8220;Droid Sans|on|||&#8220; header_text_color=&#8220;#823c00&#8243; header_font_size=&#8220;17&#8243; header_line_height=&#8220;1.2em&#8220; background_color=&#8220;#fcfcfc&#8220; background_size=&#8220;initial&#8220; background_position=&#8220;top_left&#8220; background_repeat=&#8220;repeat&#8220; text_orientation=&#8220;center&#8220; custom_padding=&#8220;10px|10px|10px|10px&#8220; border_width_all=&#8220;6px&#8220; border_color_all=&#8220;#f0a51d&#8220; border_style_all=&#8220;solid&#8220; use_border_color=&#8220;on&#8220; border_color=&#8220;#f0a51d&#8220; border_width=&#8220;6px&#8220; border_style=&#8220;solid&#8220; image_max_width=&#8220;none&#8220; use_circle=&#8220;off&#8220; use_circle_border=&#8220;off&#8220; circle_border_color=&#8220;#823c00&#8243; circle_color=&#8220;#823c00&#8243; global_colors_info=&#8220;{}&#8220;]<\/p>\n<p style=\"text-align: center;\">Unterschenkel incl. Knie<br \/>+ Brazilian Waxing<br \/>+ Achseln<br \/><strong><br \/>69,00 Euro<\/strong><\/p>\n<p>[\/et_pb_blurb][\/et_pb_column][et_pb_column type=&#8220;1_3&#8243; _builder_version=&#8220;4.16&#8243; custom_padding=&#8220;|||&#8220; global_colors_info=&#8220;{}&#8220; custom_padding__hover=&#8220;|||&#8220;][et_pb_blurb title=&#8220;Kombipaket gro\u00df f\u00fcr Sie&#8220; image_icon_width=&#8220;none&#8220; admin_label=&#8220;Kombi gro\u00df Sie&#8220; _builder_version=&#8220;4.16&#8243; header_font=&#8220;Droid Sans|on|||&#8220; header_text_color=&#8220;#823c00&#8243; header_font_size=&#8220;17&#8243; header_line_height=&#8220;1.2em&#8220; background_color=&#8220;#fcfcfc&#8220; background_size=&#8220;initial&#8220; background_position=&#8220;top_left&#8220; background_repeat=&#8220;repeat&#8220; text_orientation=&#8220;center&#8220; custom_padding=&#8220;10px|10px|10px|10px&#8220; border_width_all=&#8220;6px&#8220; border_color_all=&#8220;#f0a51d&#8220; border_style_all=&#8220;solid&#8220; use_border_color=&#8220;on&#8220; border_color=&#8220;#f0a51d&#8220; border_width=&#8220;6px&#8220; border_style=&#8220;solid&#8220; image_max_width=&#8220;none&#8220; use_circle=&#8220;off&#8220; use_circle_border=&#8220;off&#8220; circle_border_color=&#8220;#823c00&#8243; circle_color=&#8220;#823c00&#8243; global_colors_info=&#8220;{}&#8220;]<\/p>\n<p style=\"text-align: center;\">Beine komplett<br \/>+ Brazilian Waxing<br \/>+ Achseln<br \/><strong><br \/>89,00 Euro<\/strong><\/p>\n<p>[\/et_pb_blurb][\/et_pb_column][et_pb_column type=&#8220;1_3&#8243; _builder_version=&#8220;4.16&#8243; custom_padding=&#8220;|||&#8220; global_colors_info=&#8220;{}&#8220; custom_padding__hover=&#8220;|||&#8220;][et_pb_blurb title=&#8220;Kombipaket f\u00fcr Ihn&#8220; image_icon_width=&#8220;none&#8220; admin_label=&#8220;Kombi f\u00fcr Ihn&#8220; _builder_version=&#8220;4.16&#8243; header_font=&#8220;Droid Sans|on|||&#8220; header_text_color=&#8220;#823c00&#8243; header_font_size=&#8220;17&#8243; header_line_height=&#8220;1.2em&#8220; background_color=&#8220;#fcfcfc&#8220; background_size=&#8220;initial&#8220; background_position=&#8220;top_left&#8220; background_repeat=&#8220;repeat&#8220; text_orientation=&#8220;center&#8220; custom_padding=&#8220;10px|10px|10px|10px&#8220; border_width_all=&#8220;6px&#8220; border_color_all=&#8220;#f0a51d&#8220; border_style_all=&#8220;solid&#8220; use_border_color=&#8220;on&#8220; border_color=&#8220;#f0a51d&#8220; border_width=&#8220;6px&#8220; border_style=&#8220;solid&#8220; image_max_width=&#8220;none&#8220; use_circle=&#8220;off&#8220; use_circle_border=&#8220;off&#8220; circle_border_color=&#8220;#823c00&#8243; circle_color=&#8220;#823c00&#8243; global_colors_info=&#8220;{}&#8220;]<\/p>\n<p style=\"text-align: center;\">R\u00fccken<br \/>+ Brust &amp; Bauch<br \/>+ Achseln<br \/><strong><br \/>92,00 Euro<\/strong><\/p>\n<p>[\/et_pb_blurb][\/et_pb_column][\/et_pb_row][et_pb_row _builder_version=&#8220;4.16&#8243; background_size=&#8220;initial&#8220; background_position=&#8220;top_left&#8220; background_repeat=&#8220;repeat&#8220; global_colors_info=&#8220;{}&#8220;][et_pb_column type=&#8220;4_4&#8243; _builder_version=&#8220;4.16&#8243; custom_padding=&#8220;|||&#8220; global_colors_info=&#8220;{}&#8220; custom_padding__hover=&#8220;|||&#8220;][et_pb_text _builder_version=&#8220;4.16&#8243; background_size=&#8220;initial&#8220; background_position=&#8220;top_left&#8220; background_repeat=&#8220;repeat&#8220; use_border_color=&#8220;off&#8220; border_color=&#8220;#ffffff&#8220; border_style=&#8220;solid&#8220; global_colors_info=&#8220;{}&#8220;]<\/p>\n<hr \/>\n<p><img loading=\"lazy\" decoding=\"async\" class=\" wp-image-378 alignnone\" src=\"https:\/\/city-waxing.de\/saarlouis\/wp-content\/uploads\/sites\/3\/2016\/06\/EC_Karte.jpg\" alt=\"ec_karte\" width=\"34\" height=\"41\" \/> EC-Kartenzahlung m\u00f6glich.[\/et_pb_text][\/et_pb_column][\/et_pb_row][\/et_pb_section]<\/p>\n","protected":false},"excerpt":{"rendered":"<p>Unsere Leistungen und Preise Liebe Kunden, Sie sind in unserem City waxing Studio herzlich willkommen. Bei uns ist der Kunde K\u00f6nig! Wir freuen uns, dass Sie mit unserem Service zufrieden sind. Bitte haben Sie daher Verst\u00e4ndnis daf\u00fcr, dass wir kurzfristige Absagen mit 30% berechnen m\u00fcssen. Kurzfristig abgesagte Termine beeinflussen unser Tagesgesch\u00e4ft erheblich. Wir m\u00f6chten Sie [&hellip;]<\/p>\n","protected":false},"author":1,"featured_media":0,"parent":0,"menu_order":0,"comment_status":"closed","ping_status":"closed","template":"","meta":{"_et_pb_use_builder":"on","_et_pb_old_content":"","_et_gb_content_width":"","footnotes":""},"_links":{"self":[{"href":"https:\/\/city-waxing.de\/saarlouis\/wp-json\/wp\/v2\/pages\/139"}],"collection":[{"href":"https:\/\/city-waxing.de\/saarlouis\/wp-json\/wp\/v2\/pages"}],"about":[{"href":"https:\/\/city-waxing.de\/saarlouis\/wp-json\/wp\/v2\/types\/page"}],"author":[{"embeddable":true,"href":"https:\/\/city-waxing.de\/saarlouis\/wp-json\/wp\/v2\/users\/1"}],"replies":[{"embeddable":true,"href":"https:\/\/city-waxing.de\/saarlouis\/wp-json\/wp\/v2\/comments?post=139"}],"version-history":[{"count":10,"href":"https:\/\/city-waxing.de\/saarlouis\/wp-json\/wp\/v2\/pages\/139\/revisions"}],"predecessor-version":[{"id":532,"href":"https:\/\/city-waxing.de\/saarlouis\/wp-json\/wp\/v2\/pages\/139\/revisions\/532"}],"wp:attachment":[{"href":"https:\/\/city-waxing.de\/saarlouis\/wp-json\/wp\/v2\/media?parent=139"}],"curies":[{"name":"wp","href":"https:\/\/api.w.org\/{rel}","templated":true}]}}