{"id":120,"date":"2016-06-14T16:47:06","date_gmt":"2016-06-14T14:47:06","guid":{"rendered":"http:\/\/city-waxing.de\/saarlouis\/?page_id=120"},"modified":"2019-08-25T17:59:19","modified_gmt":"2019-08-25T15:59:19","slug":"massagen","status":"publish","type":"page","link":"https:\/\/city-waxing.de\/saarlouis\/massagen\/","title":{"rendered":"Massagen"},"content":{"rendered":"<p>[et_pb_section fb_built=&#8220;1&#8243; background_color=&#8220;#ffffff&#8220; admin_label=&#8220;section&#8220; custom_padding_last_edited=&#8220;on|desktop&#8220; _builder_version=&#8220;3.0.96&#8243; background_image=&#8220;https:\/\/www.city-waxing.de\/saarlouis\/wp-content\/uploads\/sites\/3\/2016\/06\/Massage_Leiste-Web.jpg&#8220; custom_padding_tablet=&#8220;50px|0|50px|0&#8243; transparent_background=&#8220;off&#8220; padding_mobile=&#8220;off&#8220;][et_pb_row padding_mobile=&#8220;off&#8220; column_padding_mobile=&#8220;on&#8220; admin_label=&#8220;row&#8220; _builder_version=&#8220;3.0.47&#8243; background_size=&#8220;initial&#8220; background_position=&#8220;top_left&#8220; background_repeat=&#8220;repeat&#8220;][et_pb_column type=&#8220;4_4&#8243; _builder_version=&#8220;3.0.47&#8243; column_padding_mobile=&#8220;on&#8220; parallax=&#8220;off&#8220; parallax_method=&#8220;on&#8220;][et_pb_divider height=&#8220;100&#8243; disabled_on=&#8220;on|on|off&#8220; admin_label=&#8220;Teiler&#8220; _builder_version=&#8220;3.0.47&#8243; hide_on_mobile=&#8220;on&#8220;][\/et_pb_divider][\/et_pb_column][\/et_pb_row][\/et_pb_section][et_pb_section fb_built=&#8220;1&#8243; background_color=&#8220;#f0a51d&#8220; admin_label=&#8220;Sektion&#8220; custom_padding_last_edited=&#8220;on|desktop&#8220; _builder_version=&#8220;3.0.47&#8243; custom_padding_tablet=&#8220;50px|0|50px|0&#8243; transparent_background=&#8220;off&#8220; padding_mobile=&#8220;off&#8220;][et_pb_row padding_mobile=&#8220;off&#8220; column_padding_mobile=&#8220;on&#8220; admin_label=&#8220;Zeile&#8220; _builder_version=&#8220;3.0.47&#8243; background_size=&#8220;initial&#8220; background_position=&#8220;top_left&#8220; background_repeat=&#8220;repeat&#8220;][et_pb_column type=&#8220;4_4&#8243; _builder_version=&#8220;3.0.47&#8243; column_padding_mobile=&#8220;on&#8220; parallax=&#8220;off&#8220; parallax_method=&#8220;on&#8220;][et_pb_text background_layout=&#8220;dark&#8220; admin_label=&#8220;Text&#8220; _builder_version=&#8220;3.0.47&#8243; background_size=&#8220;initial&#8220; background_position=&#8220;top_left&#8220; background_repeat=&#8220;repeat&#8220; use_border_color=&#8220;off&#8220; border_style=&#8220;solid&#8220;]<\/p>\n<h1>HF Biomassage bei City waxing<br \/><\/h1>\n<p>[\/et_pb_text][\/et_pb_column][\/et_pb_row][\/et_pb_section][et_pb_section fb_built=&#8220;1&#8243; admin_label=&#8220;Sektion&#8220; custom_padding_last_edited=&#8220;on|desktop&#8220; _builder_version=&#8220;3.0.47&#8243; custom_padding_tablet=&#8220;50px|0|50px|0&#8243; transparent_background=&#8220;off&#8220; padding_mobile=&#8220;off&#8220;][et_pb_row padding_mobile=&#8220;off&#8220; column_padding_mobile=&#8220;on&#8220; admin_label=&#8220;Zeile&#8220; _builder_version=&#8220;3.0.47&#8243; background_size=&#8220;initial&#8220; background_position=&#8220;top_left&#8220; background_repeat=&#8220;repeat&#8220;][et_pb_column type=&#8220;1_2&#8243; _builder_version=&#8220;3.0.47&#8243; column_padding_mobile=&#8220;on&#8220; parallax=&#8220;off&#8220; parallax_method=&#8220;on&#8220;][et_pb_text admin_label=&#8220;Text&#8220; _builder_version=&#8220;3.0.47&#8243; background_size=&#8220;initial&#8220; background_position=&#8220;top_left&#8220; background_repeat=&#8220;repeat&#8220; use_border_color=&#8220;off&#8220; border_style=&#8220;solid&#8220;]<\/p>\n<h3>Regeneration f\u00fcr K\u00f6rper und R\u00fccken<\/h3>\n<p>&nbsp;<\/p>\n<p>Es ist eine wundervolle Erfahrung, eine HF BioMassage an seinem K\u00f6rper zu sp\u00fcren.<br \/>\nDie ganzheitliche Wirkung der HF BioMassage wirkt auf drei Ebenen gleichzeitig: auf der k\u00f6rperlichen, der geistlichen und der seelischen Ebene. Die sanften Schwingungen, die durch die Massagegriffe erzeugt werden, setzen sich \u00fcber die K\u00f6rperfl\u00fcssigkeit im K\u00f6rper fort und versetzen alle Zellen in Schwingung.<br \/>\nGleichzeitig wird das energetische Feld des Menschen gest\u00e4rkt und ausgeglichen. K\u00f6rperliches Wohlgef\u00fchl und ein zu Zustand tiefer Entspannung werden erreicht.<\/p>\n<p>Auf diese Weise kann eine HF BioMassage den Verlauf vieler organischer Erkrankungen positiv beinflussen, zum Beispiel:<\/p>\n<p>[\/et_pb_text][et_pb_testimonial quote_icon=&#8220;off&#8220; background_layout=&#8220;light&#8220; admin_label=&#8220;Testimonial&#8220; _builder_version=&#8220;3.0.47&#8243; background_size=&#8220;initial&#8220; background_position=&#8220;top_left&#8220; background_repeat=&#8220;repeat&#8220; use_border_color=&#8220;off&#8220; border_style=&#8220;solid&#8220;]<\/p>\n<ul>\n<li>\u00dcbersteigerte emotionale Instabilit\u00e4t<\/li>\n<li>Eigenes Wohlbefinden verbessern<\/li>\n<li>Gute Entspannungsm\u00f6glichkeit<\/li>\n<li>Entschleunigung<\/li>\n<\/ul>\n<p>u.a. kann die HF Biomasse positiven Einfluss haben auf Burnout, Hypertonie (Bluthochdruck), Schmerzen, Kopfschmerzen\/Migr\u00e4ne und Schlafst\u00f6rungen.<\/p>\n<p>[\/et_pb_testimonial][\/et_pb_column][et_pb_column type=&#8220;1_2&#8243; _builder_version=&#8220;3.0.47&#8243; column_padding_mobile=&#8220;on&#8220; parallax=&#8220;off&#8220; parallax_method=&#8220;on&#8220;][et_pb_image src=&#8220;https:\/\/city-waxing.de\/saarlouis\/wp-content\/uploads\/sites\/3\/2016\/06\/Mensch_Circle_web.jpg&#8220; admin_label=&#8220;Bild&#8220; _builder_version=&#8220;3.0.96&#8243; use_border_color=&#8220;off&#8220; border_color=&#8220;#ffffff&#8220; border_width=&#8220;1px&#8220; border_style=&#8220;solid&#8220; animation=&#8220;off&#8220; sticky=&#8220;off&#8220;][\/et_pb_image][\/et_pb_column][\/et_pb_row][\/et_pb_section][et_pb_section fb_built=&#8220;1&#8243; background_color=&#8220;rgba(240,165,29,0.5)&#8220; admin_label=&#8220;Sektion&#8220; custom_padding_last_edited=&#8220;on|desktop&#8220; _builder_version=&#8220;3.0.47&#8243; custom_padding_tablet=&#8220;50px|0|50px|0&#8243; transparent_background=&#8220;off&#8220; padding_mobile=&#8220;off&#8220;][et_pb_row padding_mobile=&#8220;off&#8220; column_padding_mobile=&#8220;on&#8220; admin_label=&#8220;Zeile&#8220; _builder_version=&#8220;3.0.47&#8243; background_size=&#8220;initial&#8220; background_position=&#8220;top_left&#8220; background_repeat=&#8220;repeat&#8220;][et_pb_column type=&#8220;4_4&#8243; _builder_version=&#8220;3.0.47&#8243; column_padding_mobile=&#8220;on&#8220; parallax=&#8220;off&#8220; parallax_method=&#8220;on&#8220;][et_pb_text admin_label=&#8220;Text&#8220; _builder_version=&#8220;3.0.47&#8243; background_size=&#8220;initial&#8220; background_position=&#8220;top_left&#8220; background_repeat=&#8220;repeat&#8220; use_border_color=&#8220;off&#8220; border_style=&#8220;solid&#8220;]<\/p>\n<h2>Preise<\/h2>\n<p>[\/et_pb_text][\/et_pb_column][\/et_pb_row][\/et_pb_section][et_pb_section fb_built=&#8220;1&#8243; admin_label=&#8220;Sektion&#8220; custom_padding_last_edited=&#8220;on|desktop&#8220; _builder_version=&#8220;3.0.47&#8243; custom_padding_tablet=&#8220;50px|0|50px|0&#8243; transparent_background=&#8220;off&#8220; padding_mobile=&#8220;off&#8220;][et_pb_row padding_mobile=&#8220;off&#8220; column_padding_mobile=&#8220;on&#8220; admin_label=&#8220;Zeile&#8220; _builder_version=&#8220;3.0.47&#8243; background_size=&#8220;initial&#8220; background_position=&#8220;top_left&#8220; background_repeat=&#8220;repeat&#8220;][et_pb_column type=&#8220;1_3&#8243; _builder_version=&#8220;3.0.47&#8243; column_padding_mobile=&#8220;on&#8220; parallax=&#8220;off&#8220; parallax_method=&#8220;on&#8220;][et_pb_text admin_label=&#8220;Text&#8220; _builder_version=&#8220;3.0.47&#8243; text_font=&#8220;Droid Sans||||&#8220; text_text_color=&#8220;#ffffff&#8220; background_color=&#8220;#e0e0e0&#8243; background_size=&#8220;initial&#8220; background_position=&#8220;top_left&#8220; background_repeat=&#8220;repeat&#8220; text_orientation=&#8220;center&#8220; module_alignment=&#8220;center&#8220; custom_padding=&#8220;10px||10px|&#8220; use_border_color=&#8220;off&#8220; border_style=&#8220;solid&#8220;]<\/p>\n<p><span style=\"color: #000000;\"><strong>Ganzk\u00f6rpermassage<br \/>\n<\/strong><em>R\u00fcckenseite<\/em><\/span><\/p>\n<p><span style=\"color: #000000;\">Dauer: 60 Minuten<\/span><br \/>\n<strong><span style=\"color: #000000;\">70,00 \u20ac<\/span><\/strong><\/p>\n<p>[\/et_pb_text][\/et_pb_column][et_pb_column type=&#8220;1_3&#8243; _builder_version=&#8220;3.0.47&#8243; column_padding_mobile=&#8220;on&#8220; parallax=&#8220;off&#8220; parallax_method=&#8220;on&#8220;][et_pb_text admin_label=&#8220;Text&#8220; _builder_version=&#8220;3.0.47&#8243; text_font=&#8220;Droid Sans||||&#8220; text_text_color=&#8220;#ffffff&#8220; background_color=&#8220;#e0e0e0&#8243; background_size=&#8220;initial&#8220; background_position=&#8220;top_left&#8220; background_repeat=&#8220;repeat&#8220; text_orientation=&#8220;center&#8220; module_alignment=&#8220;center&#8220; custom_padding=&#8220;10px||10px|&#8220; use_border_color=&#8220;off&#8220; border_style=&#8220;solid&#8220;]<\/p>\n<p><span style=\"color: #000000;\"><strong>Teilmassage<br \/>\n<\/strong><\/br><\/span><\/p>\n<p><span style=\"color: #000000;\">Dauer: 35 Minuten<\/span><br \/>\n<strong><span style=\"color: #000000;\">35,00 \u20ac<\/span><\/strong><\/p>\n<p>[\/et_pb_text][\/et_pb_column][et_pb_column type=&#8220;1_3&#8243; _builder_version=&#8220;3.0.47&#8243; column_padding_mobile=&#8220;on&#8220; parallax=&#8220;off&#8220; parallax_method=&#8220;on&#8220;][et_pb_text admin_label=&#8220;Text&#8220; _builder_version=&#8220;3.0.47&#8243; text_font=&#8220;Droid Sans||||&#8220; text_text_color=&#8220;#ffffff&#8220; background_color=&#8220;#e0e0e0&#8243; background_size=&#8220;initial&#8220; background_position=&#8220;top_left&#8220; background_repeat=&#8220;repeat&#8220; text_orientation=&#8220;center&#8220; module_alignment=&#8220;center&#8220; custom_padding=&#8220;10px||10px|&#8220; use_border_color=&#8220;off&#8220; border_style=&#8220;solid&#8220;]<\/p>\n<p><span style=\"color: #000000;\"><strong>Dekollet\u00e9, Gesicht und Arme<br \/>\n<\/strong><\/span><\/br><\/p>\n<p><span style=\"color: #000000;\">Dauer: 40 Minuten<\/span><br \/>\n<strong><span style=\"color: #000000;\">45,00 \u20ac<\/span><\/strong><\/p>\n<p>[\/et_pb_text][\/et_pb_column][\/et_pb_row][\/et_pb_section]<\/p>\n","protected":false},"excerpt":{"rendered":"<p>HF Biomassage bei City waxingRegeneration f\u00fcr K\u00f6rper und R\u00fccken &nbsp; Es ist eine wundervolle Erfahrung, eine HF BioMassage an seinem K\u00f6rper zu sp\u00fcren. Die ganzheitliche Wirkung der HF BioMassage wirkt auf drei Ebenen gleichzeitig: auf der k\u00f6rperlichen, der geistlichen und der seelischen Ebene. Die sanften Schwingungen, die durch die Massagegriffe erzeugt werden, setzen sich \u00fcber [&hellip;]<\/p>\n","protected":false},"author":1,"featured_media":0,"parent":0,"menu_order":0,"comment_status":"closed","ping_status":"closed","template":"","meta":{"_et_pb_use_builder":"on","_et_pb_old_content":"","_et_gb_content_width":"","footnotes":""},"_links":{"self":[{"href":"https:\/\/city-waxing.de\/saarlouis\/wp-json\/wp\/v2\/pages\/120"}],"collection":[{"href":"https:\/\/city-waxing.de\/saarlouis\/wp-json\/wp\/v2\/pages"}],"about":[{"href":"https:\/\/city-waxing.de\/saarlouis\/wp-json\/wp\/v2\/types\/page"}],"author":[{"embeddable":true,"href":"https:\/\/city-waxing.de\/saarlouis\/wp-json\/wp\/v2\/users\/1"}],"replies":[{"embeddable":true,"href":"https:\/\/city-waxing.de\/saarlouis\/wp-json\/wp\/v2\/comments?post=120"}],"version-history":[{"count":17,"href":"https:\/\/city-waxing.de\/saarlouis\/wp-json\/wp\/v2\/pages\/120\/revisions"}],"predecessor-version":[{"id":475,"href":"https:\/\/city-waxing.de\/saarlouis\/wp-json\/wp\/v2\/pages\/120\/revisions\/475"}],"wp:attachment":[{"href":"https:\/\/city-waxing.de\/saarlouis\/wp-json\/wp\/v2\/media?parent=120"}],"curies":[{"name":"wp","href":"https:\/\/api.w.org\/{rel}","templated":true}]}}