{"id":362,"date":"2016-06-13T16:49:32","date_gmt":"2016-06-13T14:49:32","guid":{"rendered":"http:\/\/city-waxing.de\/saarbruecken\/?page_id=362"},"modified":"2021-06-17T11:02:10","modified_gmt":"2021-06-17T09:02:10","slug":"impressum","status":"publish","type":"page","link":"https:\/\/city-waxing.de\/saarbruecken\/impressum\/","title":{"rendered":"Impressum"},"content":{"rendered":"<p>[et_pb_section fb_built=&#8220;1&#8243; custom_padding_last_edited=&#8220;on|desktop&#8220; admin_label=&#8220;section&#8220; _builder_version=&#8220;3.22&#8243; custom_padding_tablet=&#8220;50px|0|50px|0&#8243; custom_padding_phone=&#8220;&#8220; transparent_background=&#8220;off&#8220; padding_mobile=&#8220;off&#8220; make_fullwidth=&#8220;off&#8220; use_custom_width=&#8220;off&#8220; width_unit=&#8220;off&#8220; custom_width_px=&#8220;1080px&#8220; custom_width_percent=&#8220;80%&#8220;][et_pb_row padding_mobile=&#8220;off&#8220; column_padding_mobile=&#8220;on&#8220; admin_label=&#8220;row&#8220; _builder_version=&#8220;3.25&#8243; background_size=&#8220;initial&#8220; background_position=&#8220;top_left&#8220; background_repeat=&#8220;repeat&#8220; make_fullwidth=&#8220;off&#8220; use_custom_width=&#8220;off&#8220; width_unit=&#8220;off&#8220; custom_width_px=&#8220;1080px&#8220; custom_width_percent=&#8220;80%&#8220;][et_pb_column type=&#8220;4_4&#8243; _builder_version=&#8220;3.25&#8243; custom_padding=&#8220;|||&#8220; custom_padding__hover=&#8220;|||&#8220;][et_pb_text admin_label=&#8220;Text&#8220; _builder_version=&#8220;4.6.6&#8243; background_size=&#8220;initial&#8220; background_position=&#8220;top_left&#8220; background_repeat=&#8220;repeat&#8220; use_border_color=&#8220;off&#8220; border_style=&#8220;solid&#8220;]<\/p>\n<p>City waxing GbR<br \/>Studio f\u00fcr Haarentfernung nach traditioneller brasilianischer Methode<br \/>Wilhelm-Heinrich-Str. 26<br \/>66117 Saarbr\u00fccken (N\u00e4he Schloss)<br \/>Tel. +49 (0) 681-9255804<br \/>Fax: +49 (0) 681-9255805<br \/>Mail: info@city-waxing.de<\/p>\n<p>Gesch\u00e4ftsf\u00fchrer \/ Inhaber:<br \/>Christine Hoffstetter<\/p>\n<p>USt.-ID: DE259227071<br \/>Steuernummer: 090\/152\/00313<\/p>\n<p>Gestaltung und Realisierung:<br \/>STIEBEL.CREATION | Werbeagentur Saarbr\u00fccken, Saarland | <a href=\"http:\/\/www.stiebelcreation.de\">www.stiebelcreation.de<\/a><br \/>Fotos: www.coverface.de, STIEBEL.CREATION, XXXXXX<\/p>\n<p>Disclaimer<\/p>\n<p>Haftung f\u00fcr Inhalte Die auf den Web-Seiten abrufbaren Beitr\u00e4ge dienen nur der allgemeinen Information und nicht der Beratung in konkreten F\u00e4llen. Wir sind bem\u00fcht, f\u00fcr die Richtigkeit und Aktualit\u00e4t aller auf der Website enthaltenen Informationen und Daten gem\u00e4\u00df \u00a7 7 Abs.1 TMG zu sorgen. F\u00fcr die Korrektheit, Vollst\u00e4ndigkeit, Aktualit\u00e4t oder Qualit\u00e4t der bereitgestellten Informationen und Daten wird jedoch keine Gew\u00e4hr nach \u00a7\u00a7 8 bis 10 TMG \u00fcbernommen. Die Haftung f\u00fcr den Inhalt der abrufbaren Informationen wird ausgeschlossen, soweit es sich nicht um vors\u00e4tzliche oder grob fahrl\u00e4ssige Falschinformation handelt. Verpflichtungen zur Entfernung oder Sperrung der Nutzung von Informationen nach den allgemeinen Gesetzen bleiben hiervon unber\u00fchrt. Eine diesbez\u00fcgliche Haftung ist jedoch erst ab dem Zeitpunkt der Kenntnis einer konkreten Rechtsverletzung m\u00f6glich. Bei Bekanntwerden von entsprechenden Rechtsverletzungen werden wir diese Inhalte umgehend entfernen.<\/p>\n<p>Haftung f\u00fcr Links<\/p>\n<p>Wir sind f\u00fcr den Inhalt von Webseiten, die \u00fcber einen Hyperlink erreicht werden, nicht verantwortlich. F\u00fcr den Inhalt der verlinkten Seiten sind ausschlie\u00dflich deren Betreiber verantwortlich. Wir machen uns die Inhalte dieser Internetseiten ausdr\u00fccklich nicht zu eigen und k\u00f6nnen deshalb f\u00fcr die inhaltliche Korrektheit, Vollst\u00e4ndigkeit und Verf\u00fcgbarkeit keine Gew\u00e4hr leisten. Wir haben bei der erstmaligen Verkn\u00fcpfung zwar den fremden Inhalt daraufhin \u00fcberpr\u00fcft, ob durch ihn eine m\u00f6gliche zivilrechtliche oder strafrechtliche Verantwortlichkeit ausgel\u00f6st wird. Wir sind aber nicht dazu verpflichtet, die Inhalte, auf die wir unserem Angebot verweisen, st\u00e4ndig auf Ver\u00e4nderungen zu \u00fcberpr\u00fcfen, die eine Verantwortlichkeit neu begr\u00fcnden k\u00f6nnten. Erst wenn wir feststellen oder von anderen darauf hingewiesen werden, dass ein konkretes Angebot, zu dem wir einen Link bereitgestellt haben, eine zivil- oder strafrechtliche Verantwortlichkeit ausl\u00f6st, werden wir den Verweis auf dieses Angebot aufheben, soweit uns dies technisch m\u00f6glich und zumutbar ist.<\/p>\n<p>Urheberrecht<\/p>\n<p>Die durch den Betreiber dieser Seite erstellten Inhalte und Werke auf diesen Webseiten unterliegen dem deutschen Urheberrecht. S\u00e4mtliche Beitr\u00e4ge Dritter sind als solche gekennzeichnet. Die Vervielf\u00e4ltigung, Bearbeitung, Verbreitung und jede Art der Verwertung au\u00dferhalb der Grenzen des Urheberrechts bed\u00fcrfen der schriftlichen Zustimmung des jeweiligen Autors bzw. Erstellers. Kopien von diesen Seiten sind nur f\u00fcr den privaten Bereich gestattet, nicht jedoch f\u00fcr kommerzielle Zwecke.<\/p>\n<p>[\/et_pb_text][\/et_pb_column][\/et_pb_row][\/et_pb_section]<\/p>\n","protected":false},"excerpt":{"rendered":"<p>City waxing GbRStudio f\u00fcr Haarentfernung nach traditioneller brasilianischer MethodeWilhelm-Heinrich-Str. 2666117 Saarbr\u00fccken (N\u00e4he Schloss)Tel. +49 (0) 681-9255804Fax: +49 (0) 681-9255805Mail: info@city-waxing.de Gesch\u00e4ftsf\u00fchrer \/ Inhaber:Christine Hoffstetter USt.-ID: DE259227071Steuernummer: 090\/152\/00313 Gestaltung und Realisierung:STIEBEL.CREATION | Werbeagentur Saarbr\u00fccken, Saarland | www.stiebelcreation.deFotos: www.coverface.de, STIEBEL.CREATION, XXXXXX Disclaimer Haftung f\u00fcr Inhalte Die auf den Web-Seiten abrufbaren Beitr\u00e4ge dienen nur der allgemeinen Information und [&hellip;]<\/p>\n","protected":false},"author":1,"featured_media":0,"parent":0,"menu_order":0,"comment_status":"closed","ping_status":"closed","template":"","meta":{"_et_pb_use_builder":"on","_et_pb_old_content":"Citywaxing GbR\r\nStudio f\u00fcr Haarentfernung nach traditioneller brasilianischer Methode\r\nWilhelm-Heinrich-Str. 26\r\n66117 Saarbr\u00fccken (N\u00e4he Schloss)\r\nTel. +49 (0) 681-9255804\r\nFax: +49 (0) 681-9255805\r\nMail: info@city-waxing.de\r\n\r\nGesch\u00e4ftsf\u00fchrer \/ Inhaber:\r\nGabriele Reiter-Meyer\r\nChristine Hoffstetter\r\n\r\nUSt.-ID: DE259227071\r\nSteuernummer: 090\/152\/00313\r\n\r\nGestaltung und Realisierung:\r\nSTIEBEL.CREATION | Werbeagentur Saarbr\u00fccken, Saarland\r\n\r\nFotos: www.coverface.de, STIEBEL.CREATION, XXXXXX\r\nGestaltung Wandtattoo: Estrella Ina Wagner www.oxidada.de\r\n\r\nHaftungshinweis:\r\nEs wird keinerlei Haftung f\u00fcr die Inhalte externer Links von Seiten des Autors \u00fcbernommen. F\u00fcr den Inhalt verlinkter Seiten sind ausschlie\u00dflich deren Betreiber verantwortlich. Der Autor beh\u00e4lt sich ausdr\u00fccklich vor, Teile der Seiten oder das gesamte Angebot ohne gesonderte Ank\u00fcndigung zu ver\u00e4ndern, zu erg\u00e4nzen, zu l\u00f6schen oder die Ver\u00f6ffentlichung zeitweise oder endg\u00fcltig einzustellen.\r\n\r\nCopyright:\r\nDas Copyright f\u00fcr ver\u00f6ffentlichte, vom Autor selbst erstellte Objekte bleibt allein beim Autor der Seiten. Eine Vervielf\u00e4ltigung oder Verwendung solcher Grafiken, Tondokumente, Videosequenzen und Texte in anderen elektronischen oder gedruckten Publikationen ist ohne ausdr\u00fcckliche Zustimmung des Autors nicht gestattet.","_et_gb_content_width":"","footnotes":""},"_links":{"self":[{"href":"https:\/\/city-waxing.de\/saarbruecken\/wp-json\/wp\/v2\/pages\/362"}],"collection":[{"href":"https:\/\/city-waxing.de\/saarbruecken\/wp-json\/wp\/v2\/pages"}],"about":[{"href":"https:\/\/city-waxing.de\/saarbruecken\/wp-json\/wp\/v2\/types\/page"}],"author":[{"embeddable":true,"href":"https:\/\/city-waxing.de\/saarbruecken\/wp-json\/wp\/v2\/users\/1"}],"replies":[{"embeddable":true,"href":"https:\/\/city-waxing.de\/saarbruecken\/wp-json\/wp\/v2\/comments?post=362"}],"version-history":[{"count":8,"href":"https:\/\/city-waxing.de\/saarbruecken\/wp-json\/wp\/v2\/pages\/362\/revisions"}],"predecessor-version":[{"id":580,"href":"https:\/\/city-waxing.de\/saarbruecken\/wp-json\/wp\/v2\/pages\/362\/revisions\/580"}],"wp:attachment":[{"href":"https:\/\/city-waxing.de\/saarbruecken\/wp-json\/wp\/v2\/media?parent=362"}],"curies":[{"name":"wp","href":"https:\/\/api.w.org\/{rel}","templated":true}]}}