{"id":281,"date":"2016-05-20T13:59:19","date_gmt":"2016-05-20T11:59:19","guid":{"rendered":"http:\/\/city-waxing.de\/saarbruecken\/?page_id=281"},"modified":"2019-08-25T17:17:00","modified_gmt":"2019-08-25T15:17:00","slug":"wissenswertes","status":"publish","type":"page","link":"https:\/\/city-waxing.de\/saarbruecken\/wissenswertes\/","title":{"rendered":"Wissenswertes \u00fcber Waxing"},"content":{"rendered":"<p>[et_pb_section fb_built=&#8220;1&#8243; background_color=&#8220;#ffffff&#8220; admin_label=&#8220;section&#8220; custom_padding_last_edited=&#8220;on|desktop&#8220; _builder_version=&#8220;3.0.47&#8243; background_image=&#8220;http:\/\/city-waxing.de\/saarbruecken\/wp-content\/uploads\/sites\/2\/2016\/05\/62_Marke_parallax.png&#8220; parallax=&#8220;on&#8220; parallax_method=&#8220;off&#8220; custom_padding_tablet=&#8220;50px|0|50px|0&#8243; transparent_background=&#8220;off&#8220; padding_mobile=&#8220;off&#8220;][et_pb_row padding_mobile=&#8220;off&#8220; column_padding_mobile=&#8220;on&#8220; admin_label=&#8220;row&#8220; _builder_version=&#8220;3.0.47&#8243; background_size=&#8220;initial&#8220; background_position=&#8220;top_left&#8220; background_repeat=&#8220;repeat&#8220;][et_pb_column type=&#8220;4_4&#8243; _builder_version=&#8220;3.0.47&#8243; column_padding_mobile=&#8220;on&#8220; parallax=&#8220;off&#8220; parallax_method=&#8220;on&#8220;][et_pb_divider height=&#8220;100&#8243; disabled_on=&#8220;on|on|off&#8220; admin_label=&#8220;Teiler&#8220; _builder_version=&#8220;3.0.47&#8243; hide_on_mobile=&#8220;on&#8220;] [\/et_pb_divider][\/et_pb_column][\/et_pb_row][\/et_pb_section][et_pb_section fb_built=&#8220;1&#8243; background_color=&#8220;#f0a51d&#8220; admin_label=&#8220;Sektion&#8220; custom_padding_last_edited=&#8220;on|desktop&#8220; _builder_version=&#8220;3.0.47&#8243; custom_padding_tablet=&#8220;50px|0|50px|0&#8243; transparent_background=&#8220;off&#8220; padding_mobile=&#8220;off&#8220;][et_pb_row padding_mobile=&#8220;off&#8220; column_padding_mobile=&#8220;on&#8220; admin_label=&#8220;Zeile&#8220; _builder_version=&#8220;3.0.47&#8243; background_size=&#8220;initial&#8220; background_position=&#8220;top_left&#8220; background_repeat=&#8220;repeat&#8220;][et_pb_column type=&#8220;4_4&#8243; _builder_version=&#8220;3.0.47&#8243; column_padding_mobile=&#8220;on&#8220; parallax=&#8220;off&#8220; parallax_method=&#8220;on&#8220;][et_pb_text background_layout=&#8220;dark&#8220; admin_label=&#8220;Text&#8220; _builder_version=&#8220;3.0.47&#8243; background_size=&#8220;initial&#8220; background_position=&#8220;top_left&#8220; background_repeat=&#8220;repeat&#8220; use_border_color=&#8220;off&#8220; border_style=&#8220;solid&#8220;]<\/p>\n<h1>\u00dcber das Waxing bei City waxing<\/h1>\n<p>[\/et_pb_text][\/et_pb_column][\/et_pb_row][\/et_pb_section][et_pb_section fb_built=&#8220;1&#8243; specialty=&#8220;on&#8220; admin_label=&#8220;Sektion&#8220; custom_padding_last_edited=&#8220;on|desktop&#8220; _builder_version=&#8220;3.0.47&#8243; custom_padding_tablet=&#8220;50px|0|50px|0&#8243; transparent_background=&#8220;off&#8220; padding_mobile=&#8220;off&#8220;][et_pb_column type=&#8220;1_2&#8243; specialty_columns=&#8220;2&#8243; _builder_version=&#8220;3.0.47&#8243; parallax=&#8220;off&#8220; parallax_method=&#8220;on&#8220;][et_pb_row_inner padding_mobile=&#8220;off&#8220; column_padding_mobile=&#8220;off&#8220; _builder_version=&#8220;3.0.47&#8243;][et_pb_column_inner type=&#8220;4_4&#8243; saved_specialty_column_type=&#8220;1_2&#8243; _builder_version=&#8220;3.0.47&#8243; box_shadow_position=&#8220;outer&#8220; column_padding_mobile=&#8220;off&#8220; parallax=&#8220;off&#8220; parallax_method=&#8220;on&#8220;][et_pb_text admin_label=&#8220;Text&#8220; _builder_version=&#8220;3.0.47&#8243; background_size=&#8220;initial&#8220; background_position=&#8220;top_left&#8220; background_repeat=&#8220;repeat&#8220; use_border_color=&#8220;off&#8220; border_style=&#8220;solid&#8220;]<\/p>\n<h2>Warum Waxing?<\/h2>\n<p>Eine glatte und geschmeidige Haut wird immer mehr zum Inbegriff von Sch\u00f6nheit und Sinnlichkeit. So ist mittlerweile die <b>Haarentfernung<\/b> wichtiger Bestandteil der allgemeinen K\u00f6rperpflege und Hygiene.<\/p>\n<p>Man kann auf die verschiedensten Methoden der Haarentfernung (auch Epilation) zur\u00fcck greifen. Allerdings zeichnet sich in j\u00fcngster Zeit immer mehr der Trend hin zum <b>Brazilian Waxing<\/b> mit Warmwachs ab.<\/p>\n<p>Bei <b>City waxing<\/b> verwenden wir ausschlie\u00dflich ein spezielles Warmwachs auf Honigbasis, welches sehr hautvertr\u00e4glich und schonend ist. Die Behandlung <b>&#8222;Waxing&#8220;<\/b> mit diesem nat\u00fcrlichen Warmwachs ist schnell, gr\u00fcndlich aber nicht v\u00f6llig schmerzfrei. Das Wachs wird bei angenehmer Temperatur auf die Haut aufgetragen und mitsamt der Haarzwiebel entfernt. Es sind keine Vliesstreifen n\u00f6tig. Erst nach einigen Wochen ist eine erneute Behandlung n\u00f6tig, die nachwachsenden H\u00e4rchen werden feiner und auch weniger. Bei regelm\u00e4\u00dfigem <b>Waxing<\/b> wird das gesamte Hautbild glatter und sch\u00f6ner.<br \/>\n[\/et_pb_text][\/et_pb_column_inner][\/et_pb_row_inner][\/et_pb_column][et_pb_column type=&#8220;1_2&#8243; _builder_version=&#8220;3.0.47&#8243; parallax=&#8220;off&#8220; parallax_method=&#8220;on&#8220;][et_pb_image src=&#8220;https:\/\/city-waxing.de\/saarbruecken\/wp-content\/uploads\/sites\/2\/2016\/05\/Waxing_Bein.jpg&#8220; align=&#8220;center&#8220; admin_label=&#8220;Bild&#8220; _builder_version=&#8220;3.0.96&#8243; use_border_color=&#8220;off&#8220; border_color=&#8220;#ffffff&#8220; border_width=&#8220;1px&#8220; border_style=&#8220;solid&#8220; animation=&#8220;off&#8220; sticky=&#8220;off&#8220;] [\/et_pb_image][\/et_pb_column][\/et_pb_section][et_pb_section fb_built=&#8220;1&#8243; admin_label=&#8220;Sektion&#8220; custom_padding_last_edited=&#8220;on|desktop&#8220; _builder_version=&#8220;3.0.47&#8243; custom_padding_tablet=&#8220;50px|0|50px|0&#8243; transparent_background=&#8220;off&#8220; padding_mobile=&#8220;off&#8220;][et_pb_row padding_mobile=&#8220;off&#8220; column_padding_mobile=&#8220;on&#8220; admin_label=&#8220;Zeile&#8220; _builder_version=&#8220;3.0.47&#8243; background_size=&#8220;initial&#8220; background_position=&#8220;top_left&#8220; background_repeat=&#8220;repeat&#8220;][et_pb_column type=&#8220;1_2&#8243; _builder_version=&#8220;3.0.47&#8243; column_padding_mobile=&#8220;on&#8220; parallax=&#8220;off&#8220; parallax_method=&#8220;on&#8220;][et_pb_text admin_label=&#8220;Text&#8220; _builder_version=&#8220;3.0.47&#8243; background_size=&#8220;initial&#8220; background_position=&#8220;top_left&#8220; background_repeat=&#8220;repeat&#8220; use_border_color=&#8220;off&#8220; border_style=&#8220;solid&#8220;]<\/p>\n<h2>Waxing-Ablauf in 3 Schritten<\/h2>\n<p>[\/et_pb_text][et_pb_blurb image=&#8220;https:\/\/city-waxing.de\/saarbruecken\/wp-content\/uploads\/sites\/2\/2016\/05\/number-one-in-a-circle-1.png&#8220; icon_placement=&#8220;left&#8220; admin_label=&#8220;Informationstext&#8220; _builder_version=&#8220;3.0.96&#8243; background_size=&#8220;initial&#8220; background_position=&#8220;top_left&#8220; background_repeat=&#8220;repeat&#8220; use_border_color=&#8220;off&#8220; border_color=&#8220;#ffffff&#8220; border_width=&#8220;1px&#8220; border_style=&#8220;solid&#8220;]Auftragen des warmen Wachses mittels eines Spatels<br \/>\n[\/et_pb_blurb][et_pb_blurb image=&#8220;https:\/\/city-waxing.de\/saarbruecken\/wp-content\/uploads\/sites\/2\/2016\/05\/number-two-in-a-circle-1.png&#8220; icon_placement=&#8220;left&#8220; admin_label=&#8220;Informationstext&#8220; _builder_version=&#8220;3.0.96&#8243; background_size=&#8220;initial&#8220; background_position=&#8220;top_left&#8220; background_repeat=&#8220;repeat&#8220; use_border_color=&#8220;off&#8220; border_color=&#8220;#ffffff&#8220; border_width=&#8220;1px&#8220; border_style=&#8220;solid&#8220;]Nach dem Abk\u00fchlen wird das Wachs gro\u00dffl\u00e4chig abgezogen. Ein Gro\u00dfteil der Haare wird entfernt. Meistens ist ein zweites Auftragen n\u00f6tig um die noch verbliebenen feinen H\u00e4rchen zu entfernen.<br \/>\n[\/et_pb_blurb][et_pb_blurb image=&#8220;https:\/\/city-waxing.de\/saarbruecken\/wp-content\/uploads\/sites\/2\/2016\/05\/number-three-in-a-circle-1.png&#8220; icon_placement=&#8220;left&#8220; admin_label=&#8220;Informationstext&#8220; _builder_version=&#8220;3.0.96&#8243; background_size=&#8220;initial&#8220; background_position=&#8220;top_left&#8220; background_repeat=&#8220;repeat&#8220; use_border_color=&#8220;off&#8220; border_color=&#8220;#ffffff&#8220; border_width=&#8220;1px&#8220; border_style=&#8220;solid&#8220;]Abschlie\u00dfende Behandlung mit k\u00fchlendem Aloe-Vera-Gel zur Beruhigung der Haut und um eventuellen Hautirritationen vorzubeugen<br \/>\n[\/et_pb_blurb][\/et_pb_column][et_pb_column type=&#8220;1_2&#8243; _builder_version=&#8220;3.0.47&#8243; column_padding_mobile=&#8220;on&#8220; parallax=&#8220;off&#8220; parallax_method=&#8220;on&#8220;][et_pb_image src=&#8220;https:\/\/city-waxing.de\/saarbruecken\/wp-content\/uploads\/sites\/2\/2016\/05\/Mann_Ruecken.jpg&#8220; title_text=&#8220;Waxing &#8211; nicht nur f\u00fcr Frauen ;-)&#8220; align=&#8220;center&#8220; admin_label=&#8220;Bild&#8220; _builder_version=&#8220;3.0.96&#8243; use_border_color=&#8220;off&#8220; border_color=&#8220;#ffffff&#8220; border_width=&#8220;1px&#8220; border_style=&#8220;solid&#8220; animation=&#8220;off&#8220; sticky=&#8220;off&#8220;] [\/et_pb_image][et_pb_text admin_label=&#8220;Text&#8220; _builder_version=&#8220;3.0.47&#8243; background_size=&#8220;initial&#8220; background_position=&#8220;top_left&#8220; background_repeat=&#8220;repeat&#8220; use_border_color=&#8220;off&#8220; border_style=&#8220;solid&#8220;]<\/p>\n<h4>Auch M\u00e4nner sind bei uns Willkommen!<\/h4>\n<p>[\/et_pb_text][\/et_pb_column][\/et_pb_row][\/et_pb_section][et_pb_section fb_built=&#8220;1&#8243; background_color=&#8220;rgba(240,165,29,0.5)&#8220; admin_label=&#8220;Sektion&#8220; custom_padding_last_edited=&#8220;on|desktop&#8220; _builder_version=&#8220;3.0.47&#8243; custom_padding_tablet=&#8220;50px|0|50px|0&#8243; transparent_background=&#8220;off&#8220; padding_mobile=&#8220;off&#8220;][et_pb_row padding_mobile=&#8220;off&#8220; column_padding_mobile=&#8220;on&#8220; admin_label=&#8220;Zeile&#8220; _builder_version=&#8220;3.0.47&#8243; background_size=&#8220;initial&#8220; background_position=&#8220;top_left&#8220; background_repeat=&#8220;repeat&#8220;][et_pb_column type=&#8220;4_4&#8243; _builder_version=&#8220;3.0.47&#8243; column_padding_mobile=&#8220;on&#8220; parallax=&#8220;off&#8220; parallax_method=&#8220;on&#8220;][et_pb_text admin_label=&#8220;Text&#8220; _builder_version=&#8220;3.0.47&#8243; background_size=&#8220;initial&#8220; background_position=&#8220;top_left&#8220; background_repeat=&#8220;repeat&#8220; use_border_color=&#8220;off&#8220; border_style=&#8220;solid&#8220;]<\/p>\n<h2>Wichtige Hinweise<\/h2>\n<p>Die Haarl\u00e4nge sollte mindestens 3-4mm betragen, bzw. mind. 2 Wochen vor dem Waxing nicht rasieren!!!<br \/>\nBei Piercings entscheiden wir vor Ort, ob enthaart werden kann, ist aber grunds\u00e4tzlich m\u00f6glich.<br \/>\nBei Krampfadern oder Besenrei\u00dfern sollten Sie vorher Ihren Arzt befragen.<br \/>\nWir empfehlen grunds\u00e4tzlich bei starken Krampfadern\/Besenrei\u00dfern auf ein Waxing zu verzichten.<\/p>\n<blockquote><p>Aus R\u00fccksicht auf die <b>Intimsph\u00e4re<\/b> unserer Kunden ist es nicht erlaubt, als Begleitperson mit in die Kabine zu gehen. Ausnahme bei minderj\u00e4hrigen Kunden. Wir bitten hier um Ihr Verst\u00e4ndnis.<\/p><\/blockquote>\n<blockquote><p>\u00a0Minderj\u00e4hrige die ohne Begleitperson zum Waxing kommen, m\u00fcssen eine Einverst\u00e4ndniserkl\u00e4rung des Erziehungsberechtigen mitbringen!<\/p><\/blockquote>\n<p><strong><br \/>\nWaxing in der Schwangerschaft<\/strong><strong><br \/>\n<\/strong><br \/>\nMedizinisch spricht nichts dagegen, w\u00e4hrend der Schwangerschaft ein Waxing durchf\u00fchren zu lassen. Im Gegenteil, es ist sogar empfehlenswerter als das Rasieren, denn beim Rasieren entstehen viel schneller kleine Hautverletzungen die sich dann entz\u00fcnden k\u00f6nnen.<br \/>\nDas einzige Argument gegen ein Waxing in der Schwangerschaft ist die pers\u00f6nliche Befindlichkeit der Frau.<br \/>\nWenn Sie also unsicher sind, ist eine R\u00fccksprache mit Ihrem Arzt von Vorteil. Ansonsten haben Schwangere schon von alleine ein besonders gutes K\u00f6rpergef\u00fchl und sp\u00fcren, was sie sich an einem bestimmten Tag zumuten k\u00f6nnen und was nicht.<br \/>\n[\/et_pb_text][\/et_pb_column][\/et_pb_row][\/et_pb_section][et_pb_section fb_built=&#8220;1&#8243; admin_label=&#8220;Sektion&#8220; custom_padding_last_edited=&#8220;on|desktop&#8220; _builder_version=&#8220;3.0.47&#8243; custom_padding_tablet=&#8220;50px|0|50px|0&#8243; transparent_background=&#8220;off&#8220; padding_mobile=&#8220;off&#8220;][et_pb_row padding_mobile=&#8220;off&#8220; column_padding_mobile=&#8220;on&#8220; admin_label=&#8220;Zeile&#8220; _builder_version=&#8220;3.0.47&#8243; background_size=&#8220;initial&#8220; background_position=&#8220;top_left&#8220; background_repeat=&#8220;repeat&#8220;][et_pb_column type=&#8220;1_2&#8243; _builder_version=&#8220;3.0.47&#8243; column_padding_mobile=&#8220;on&#8220; parallax=&#8220;off&#8220; parallax_method=&#8220;on&#8220;][et_pb_text admin_label=&#8220;Text&#8220; _builder_version=&#8220;3.0.47&#8243; background_size=&#8220;initial&#8220; background_position=&#8220;top_left&#8220; background_repeat=&#8220;repeat&#8220; use_border_color=&#8220;off&#8220; border_style=&#8220;solid&#8220;]<\/p>\n<h2>Vor dem Waxing<\/h2>\n<p>In seltenen F\u00e4llen kann es bei sehr empfindlicher Haut zu einer \u00dcberreaktion kommen. Es wird keinerlei Haftung bei einer \u00dcberreaktion der Haut \u00fcbernommen. Bitte informieren Sie daher vorher Ihre Depiladora \u00fcber eine eventl. Unvertr\u00e4glichkeit auf z.B. Aloe-Vera-Pflegeprodukte. Auf das Sonnenbad oder Solarium sollten Sie 24 Std. vor dem <b>Waxing<\/b> verzichten. Bei ger\u00f6teter Haut oder Verletzungen kein <b>Waxing<\/b>!<\/p>\n<blockquote><p>Aus <b>hygienischen<\/b> Gr\u00fcnden m\u00f6chten wir Sie bitten, wenn m\u00f6glich frisch geduscht zu Ihrem Waxingtermin zu kommen. Sollte dies aus zeitlichen Gr\u00fcnden nicht m\u00f6glich sein, haben Sie die M\u00f6glichkeit sich auf unserer Kundentoilette frisch zu machen.<\/p><\/blockquote>\n<p>[\/et_pb_text][\/et_pb_column][et_pb_column type=&#8220;1_2&#8243; _builder_version=&#8220;3.0.47&#8243; column_padding_mobile=&#8220;on&#8220; parallax=&#8220;off&#8220; parallax_method=&#8220;on&#8220;][et_pb_text admin_label=&#8220;Text&#8220; _builder_version=&#8220;3.0.47&#8243; background_size=&#8220;initial&#8220; background_position=&#8220;top_left&#8220; background_repeat=&#8220;repeat&#8220; use_border_color=&#8220;off&#8220; border_style=&#8220;solid&#8220;]<\/p>\n<h2>Nach dem Waxing<\/h2>\n<p>Einige Tage keine direkte Sonneneinstrahlung, da die Haut nach dem <b>Waxing<\/b> empfindlicher ist. 24 Stunden nach der Behandlung bitte auch kein hei\u00dfes Bad, Solarium, Sauna o.\u00e4. durchf\u00fchren. Direkt nach der Achselenthaarung kein Deo auf Alkoholbasis benutzen. Peeling erst eine Woche nach dem Enthaaren!<\/p>\n<blockquote><p>Unsere Empfehlung!<br \/>\nUm eingewachsenen Haaren vorzubeugen, empfehlen wir ein regelm\u00e4\u00dfiges Peeling (evtl. auch Luffa-Schwamm).<\/p><\/blockquote>\n<blockquote><p>Eventuelle Reklamationen m\u00fcssen uns in den ersten 3 Tagen nach der Behandlung mitgeteilt werden, damit wir auch zeitnah und entsprechend handeln k\u00f6nnen!<br \/>\nDanach k\u00f6nnen wir leider keine Gew\u00e4hrleistung mehr \u00fcbernehmen!!<\/p><\/blockquote>\n<blockquote><p>Pflegeprodukte f\u00fcr nach dem Waxing erhalten Sie auch in unserem Studio. Wir beraten Sie gerne!<\/p><\/blockquote>\n<p>[\/et_pb_text][\/et_pb_column][\/et_pb_row][\/et_pb_section]<\/p>\n","protected":false},"excerpt":{"rendered":"<p>\u00dcber das Waxing bei City waxing Warum Waxing? Eine glatte und geschmeidige Haut wird immer mehr zum Inbegriff von Sch\u00f6nheit und Sinnlichkeit. So ist mittlerweile die Haarentfernung wichtiger Bestandteil der allgemeinen K\u00f6rperpflege und Hygiene. Man kann auf die verschiedensten Methoden der Haarentfernung (auch Epilation) zur\u00fcck greifen. Allerdings zeichnet sich in j\u00fcngster Zeit immer mehr der [&hellip;]<\/p>\n","protected":false},"author":1,"featured_media":0,"parent":0,"menu_order":0,"comment_status":"closed","ping_status":"closed","template":"","meta":{"_et_pb_use_builder":"on","_et_pb_old_content":"","_et_gb_content_width":"","footnotes":""},"_links":{"self":[{"href":"https:\/\/city-waxing.de\/saarbruecken\/wp-json\/wp\/v2\/pages\/281"}],"collection":[{"href":"https:\/\/city-waxing.de\/saarbruecken\/wp-json\/wp\/v2\/pages"}],"about":[{"href":"https:\/\/city-waxing.de\/saarbruecken\/wp-json\/wp\/v2\/types\/page"}],"author":[{"embeddable":true,"href":"https:\/\/city-waxing.de\/saarbruecken\/wp-json\/wp\/v2\/users\/1"}],"replies":[{"embeddable":true,"href":"https:\/\/city-waxing.de\/saarbruecken\/wp-json\/wp\/v2\/comments?post=281"}],"version-history":[{"count":19,"href":"https:\/\/city-waxing.de\/saarbruecken\/wp-json\/wp\/v2\/pages\/281\/revisions"}],"predecessor-version":[{"id":522,"href":"https:\/\/city-waxing.de\/saarbruecken\/wp-json\/wp\/v2\/pages\/281\/revisions\/522"}],"wp:attachment":[{"href":"https:\/\/city-waxing.de\/saarbruecken\/wp-json\/wp\/v2\/media?parent=281"}],"curies":[{"name":"wp","href":"https:\/\/api.w.org\/{rel}","templated":true}]}}