{"id":2,"date":"2016-05-18T10:32:08","date_gmt":"2016-05-18T08:32:08","guid":{"rendered":"http:\/\/city-waxing.de\/saarbruecken\/?page_id=2"},"modified":"2021-06-17T11:01:38","modified_gmt":"2021-06-17T09:01:38","slug":"beispiel-seite","status":"publish","type":"page","link":"https:\/\/city-waxing.de\/saarbruecken\/","title":{"rendered":"Professionelle Haarentfernung in Saarbr\u00fccken"},"content":{"rendered":"<p>[et_pb_section fb_built=&#8220;1&#8243; fullwidth=&#8220;on&#8220; custom_padding_last_edited=&#8220;on|desktop&#8220; admin_label=&#8220;Sektion&#8220; _builder_version=&#8220;3.22&#8243; custom_padding_tablet=&#8220;50px|0|50px|0&#8243; custom_padding_phone=&#8220;&#8220; transparent_background=&#8220;off&#8220; padding_mobile=&#8220;off&#8220;][et_pb_fullwidth_image src=&#8220;https:\/\/city-waxing.de\/saarbruecken\/wp-content\/uploads\/sites\/2\/2016\/05\/Startseite_01.jpg&#8220; admin_label=&#8220;Volle Breite des Bildes&#8220; _builder_version=&#8220;3.0.96&#8243; animation=&#8220;off&#8220; use_border_color=&#8220;off&#8220; border_color=&#8220;#ffffff&#8220; border_width=&#8220;1px&#8220; border_style=&#8220;solid&#8220;][\/et_pb_fullwidth_image][\/et_pb_section][et_pb_section fb_built=&#8220;1&#8243; custom_padding_last_edited=&#8220;on|desktop&#8220; admin_label=&#8220;Sektion&#8220; _builder_version=&#8220;3.22&#8243; background_color=&#8220;#f0a51d&#8220; custom_padding_tablet=&#8220;50px|0|50px|0&#8243; custom_padding_phone=&#8220;&#8220; transparent_background=&#8220;off&#8220; padding_mobile=&#8220;off&#8220;][et_pb_row padding_mobile=&#8220;off&#8220; column_padding_mobile=&#8220;on&#8220; admin_label=&#8220;Zeile&#8220; _builder_version=&#8220;3.25&#8243; background_size=&#8220;initial&#8220; background_position=&#8220;top_left&#8220; background_repeat=&#8220;repeat&#8220;][et_pb_column type=&#8220;4_4&#8243; _builder_version=&#8220;3.25&#8243; custom_padding=&#8220;|||&#8220; custom_padding__hover=&#8220;|||&#8220;][et_pb_text admin_label=&#8220;Text&#8220; _builder_version=&#8220;3.27.4&#8243; text_text_color=&#8220;#565656&#8243; text_line_height=&#8220;1em&#8220; background_size=&#8220;initial&#8220; background_position=&#8220;top_left&#8220; background_repeat=&#8220;repeat&#8220; text_orientation=&#8220;center&#8220; background_layout=&#8220;dark&#8220; module_alignment=&#8220;center&#8220; use_border_color=&#8220;off&#8220; border_style=&#8220;solid&#8220;]<\/p>\n<h1 style=\"text-align: center;\">Professionelle Haarentfernung in Saarbr\u00fccken<\/h1>\n<p>[\/et_pb_text][\/et_pb_column][\/et_pb_row][\/et_pb_section][et_pb_section fb_built=&#8220;1&#8243; custom_padding_last_edited=&#8220;on|desktop&#8220; admin_label=&#8220;section&#8220; _builder_version=&#8220;3.22&#8243; custom_padding_tablet=&#8220;50px|0|50px|0&#8243; custom_padding_phone=&#8220;&#8220; transparent_background=&#8220;off&#8220; padding_mobile=&#8220;off&#8220;][et_pb_row column_structure=&#8220;2_3,1_3&#8243; padding_mobile=&#8220;off&#8220; column_padding_mobile=&#8220;on&#8220; admin_label=&#8220;Zeile&#8220; _builder_version=&#8220;3.25&#8243; background_size=&#8220;initial&#8220; background_position=&#8220;top_left&#8220; background_repeat=&#8220;repeat&#8220;][et_pb_column type=&#8220;2_3&#8243; _builder_version=&#8220;3.25&#8243; custom_padding=&#8220;|||&#8220; custom_padding__hover=&#8220;|||&#8220;][et_pb_text admin_label=&#8220;Text&#8220; _builder_version=&#8220;3.27.4&#8243; background_size=&#8220;initial&#8220; background_position=&#8220;top_left&#8220; background_repeat=&#8220;repeat&#8220; use_border_color=&#8220;off&#8220; border_style=&#8220;solid&#8220;]<\/p>\n<h2>Herzlich Willkommen bei City waxing<\/h2>\n<p>City waxing ist das erste von Gabriele Reiter-Meyer und Christine Hoffstetter gegr\u00fcndete <b>Enthaarungsstudio<\/b> im Saarland, in dem ausschlie\u00dflich <b>Haarentfernung<\/b> mit Warmwachs nach traditioneller brasilianischer Art, auch <b>&#8222;Brazilian Waxing&#8220;<\/b> genannt, f\u00fcr Frauen und M\u00e4nner angeboten wird. Dieses Warmwachs ist auf Grund seiner exotischen Mixtur aus Bienenwachs und Honig f\u00fcr alle K\u00f6rperregionen geeignet.<\/p>\n<p><b>&#8222;Brazilian Waxing&#8220;<\/b> oder auch <b>&#8222;Intim-Waxing&#8220;<\/b> ist eine Art der Haarentfernung im Bereich der Bikinizone.<\/p>\n<p>In unserem <b>Waxing Studio<\/b> wird das angenehm warme Wachs von den Depiladoras auf die zu enthaarenden Hautpartien aufgetragen und nach dem Erh\u00e4rten komplett mit allen Haaren abgezogen. Das Ergebnis: Schonend, gr\u00fcndlich und wenig schmerzhaft. Sie haben je nach Haarwuchs wochenlang haarfreie, glatte Haut.<br \/>\n[\/et_pb_text][\/et_pb_column][et_pb_column type=&#8220;1_3&#8243; _builder_version=&#8220;3.25&#8243; custom_padding=&#8220;|||&#8220; custom_padding__hover=&#8220;|||&#8220;][et_pb_image src=&#8220;https:\/\/city-waxing.de\/saarbruecken\/wp-content\/uploads\/sites\/2\/2021\/06\/4112b4_500px.png&#8220; align=&#8220;center&#8220; align_tablet=&#8220;center&#8220; align_phone=&#8220;&#8220; align_last_edited=&#8220;on|desktop&#8220; admin_label=&#8220;Bild&#8220; _builder_version=&#8220;4.9.7&#8243; hover_enabled=&#8220;0&#8243; animation=&#8220;off&#8220; use_border_color=&#8220;off&#8220; border_color=&#8220;#ffffff&#8220; border_width=&#8220;1px&#8220; border_style=&#8220;solid&#8220; sticky=&#8220;off&#8220; title_text=&#8220;4112b4_500px&#8220; sticky_enabled=&#8220;0&#8243;][\/et_pb_image][\/et_pb_column][\/et_pb_row][\/et_pb_section][et_pb_section fb_built=&#8220;1&#8243; custom_padding_last_edited=&#8220;on|desktop&#8220; admin_label=&#8220;Sektion&#8220; _builder_version=&#8220;3.22&#8243; background_color=&#8220;rgba(240,165,29,0.5)&#8220; custom_padding_tablet=&#8220;50px|0|50px|0&#8243; custom_padding_phone=&#8220;&#8220; transparent_background=&#8220;off&#8220; padding_mobile=&#8220;off&#8220;][et_pb_row column_structure=&#8220;1_2,1_2&#8243; padding_mobile=&#8220;off&#8220; column_padding_mobile=&#8220;on&#8220; admin_label=&#8220;Zeile&#8220; _builder_version=&#8220;3.25&#8243; background_size=&#8220;initial&#8220; background_position=&#8220;top_left&#8220; background_repeat=&#8220;repeat&#8220;][et_pb_column type=&#8220;1_2&#8243; _builder_version=&#8220;3.25&#8243; custom_padding=&#8220;|||&#8220; custom_padding__hover=&#8220;|||&#8220;][et_pb_text admin_label=&#8220;Text&#8220; _builder_version=&#8220;3.27.4&#8243; background_size=&#8220;initial&#8220; background_position=&#8220;top_left&#8220; background_repeat=&#8220;repeat&#8220; use_border_color=&#8220;off&#8220; border_style=&#8220;solid&#8220;]<\/p>\n<h2>Folge uns bei Facebook<\/h2>\n<p>[\/et_pb_text][et_pb_text admin_label=&#8220;Text&#8220; _builder_version=&#8220;3.27.4&#8243; background_size=&#8220;initial&#8220; background_position=&#8220;top_left&#8220; background_repeat=&#8220;repeat&#8220; use_border_color=&#8220;off&#8220; border_style=&#8220;solid&#8220;]<\/p>\n<div class=\"fb-page\" data-href=\"https:\/\/www.facebook.com\/pages\/City-waxing\/163663993758525\" data-tabs=\"timeline\" data-width=\"500\" data-small-header=\"true\" data-adapt-container-width=\"true\" data-hide-cover=\"true\" data-show-facepile=\"true\">\n<div class=\"fb-xfbml-parse-ignore\">\n<blockquote cite=\"https:\/\/www.facebook.com\/pages\/City-waxing\/163663993758525\"><p><a href=\"https:\/\/www.facebook.com\/pages\/City-waxing\/163663993758525\">City waxing<\/a><\/p><\/blockquote>\n<\/div>\n<\/div>\n<p>[\/et_pb_text][\/et_pb_column][et_pb_column type=&#8220;1_2&#8243; _builder_version=&#8220;3.25&#8243; custom_padding=&#8220;|||&#8220; custom_padding__hover=&#8220;|||&#8220;][\/et_pb_column][\/et_pb_row][\/et_pb_section]<\/p>\n","protected":false},"excerpt":{"rendered":"<p>Professionelle Haarentfernung in Saarbr\u00fccken Herzlich Willkommen bei City waxing City waxing ist das erste von Gabriele Reiter-Meyer und Christine Hoffstetter gegr\u00fcndete Enthaarungsstudio im Saarland, in dem ausschlie\u00dflich Haarentfernung mit Warmwachs nach traditioneller brasilianischer Art, auch &#8222;Brazilian Waxing&#8220; genannt, f\u00fcr Frauen und M\u00e4nner angeboten wird. Dieses Warmwachs ist auf Grund seiner exotischen Mixtur aus Bienenwachs und [&hellip;]<\/p>\n","protected":false},"author":1,"featured_media":0,"parent":0,"menu_order":0,"comment_status":"closed","ping_status":"open","template":"","meta":{"_et_pb_use_builder":"on","_et_pb_old_content":"Dies ist eine Beispiel-Seite. Sie unterscheidet sich von Beitr\u00e4gen, weil sie stets an der selben Stelle bleibt und (bei den meisten Themes) in der Navigationsleiste angezeigt wird. Die meisten Leute starten mit einer \u201e\u00dcber uns\u201c-Seite mit einer Vorstellung f\u00fcr m\u00f6gliche Besucher der Website. Dort k\u00f6nnte zum Beispiel stehen:\r\n<blockquote>Hallo! Tags\u00fcber arbeite ich als Fahrradkurier, nachts bin ich ein aufstrebender Schauspieler und dies hier ist mein Blog. Ich lebe in Berlin, habe einen gro\u00dfen Hund namens Jack, mag die Fantastischen Vier\u00a0und ein k\u00fchles Bier.<\/blockquote>\r\nAls neuer WordPress-Anwender solltest du das <a href=\"http:\/\/city-waxing.de\/saarbruecken\/wp-admin\/\">Dashboard<\/a> aufrufen, um diese Seite zu l\u00f6schen und statt dessen eine neue Seite mit deinem eigenen Inhalt erstellen. Viel Spa\u00df!","_et_gb_content_width":"","footnotes":""},"_links":{"self":[{"href":"https:\/\/city-waxing.de\/saarbruecken\/wp-json\/wp\/v2\/pages\/2"}],"collection":[{"href":"https:\/\/city-waxing.de\/saarbruecken\/wp-json\/wp\/v2\/pages"}],"about":[{"href":"https:\/\/city-waxing.de\/saarbruecken\/wp-json\/wp\/v2\/types\/page"}],"author":[{"embeddable":true,"href":"https:\/\/city-waxing.de\/saarbruecken\/wp-json\/wp\/v2\/users\/1"}],"replies":[{"embeddable":true,"href":"https:\/\/city-waxing.de\/saarbruecken\/wp-json\/wp\/v2\/comments?post=2"}],"version-history":[{"count":30,"href":"https:\/\/city-waxing.de\/saarbruecken\/wp-json\/wp\/v2\/pages\/2\/revisions"}],"predecessor-version":[{"id":579,"href":"https:\/\/city-waxing.de\/saarbruecken\/wp-json\/wp\/v2\/pages\/2\/revisions\/579"}],"wp:attachment":[{"href":"https:\/\/city-waxing.de\/saarbruecken\/wp-json\/wp\/v2\/media?parent=2"}],"curies":[{"name":"wp","href":"https:\/\/api.w.org\/{rel}","templated":true}]}}